{"id":864,"date":"2012-03-31T20:44:36","date_gmt":"2012-03-31T18:44:36","guid":{"rendered":"http:\/\/www.inspir.be\/?page_id=864"},"modified":"2014-04-09T16:27:44","modified_gmt":"2014-04-09T14:27:44","slug":"le-colibri","status":"publish","type":"page","link":"https:\/\/www.inspir.be\/?page_id=864","title":{"rendered":"Le Colibri"},"content":{"rendered":"<p style=\"text-align: center;\"><strong><span style=\"font-size: 18px; color: #6600cc;\"><span style=\"font-size: 20px;\">la force du petit&#8230; dans l&rsquo;infiniment grand<\/span><\/span><\/strong><\/p>\n<p style=\"text-align: center;\"><strong><span style=\"font-size: 18px; color: #6600cc;\"><a href=\"http:\/\/inspir.be\/WordPress3\/wp-content\/uploads\/2012\/03\/colibri.jpg\"><img loading=\"lazy\" decoding=\"async\" class=\"aligncenter size-medium wp-image-875\" title=\"colibri\" src=\"http:\/\/inspir.be\/WordPress3\/wp-content\/uploads\/2012\/03\/colibri-300x215.jpg\" alt=\"\" width=\"300\" height=\"215\" srcset=\"http:\/\/inspir.be\/WordPress3\/wp-content\/uploads\/2012\/03\/colibri-300x215.jpg 300w, http:\/\/inspir.be\/WordPress3\/wp-content\/uploads\/2012\/03\/colibri.jpg 448w\" sizes=\"auto, (max-width: 300px) 100vw, 300px\" \/><\/a><\/span><\/strong><\/p>\n<p><span style=\"color: #00cc00;\">Quelque part dans un coin recul\u00e9 de la for\u00eat amazonienne, un arbre domine les autres et abrite de nombreux oiseaux.\u2028Un jour, frapp\u00e9 par la foudre, cet arbre prend feu. Tous les animaux s&rsquo;appr\u00eatent \u00e0 fuir face au danger. Tous sauf un, le colibri\u00a0! Cet oiseau agile vole jusqu&rsquo;\u00e0 la rivi\u00e8re, prend une goutte d&rsquo;eau dans son petit bec et la verse sur le brasier. Sans cesse, il assure ces all\u00e9es retours pour poser sa goutte sur le feu, jusqu&rsquo;\u00e0 l&rsquo;\u00e9puisement.<\/span><\/p>\n<p><span style=\"color: #00cc00;\">Les autres animaux ne comprennent pas et lui demandent \u00ab\u00a0mais que fais-tu donc\u00a0?\u00a0\u00bb.\u2028<span style=\"color: #6600cc;\">Le colibri r\u00e9pond\u00a0: \u00ab\u00a0je fais ma part\u00a0\u00bb<\/span>.\u2028Et vous aussi venez faire votre part pour \u00e9teindre le feu. Les oiseaux perplexes d\u00e9cident de participer en allant eux aussi jusqu&rsquo;\u00e0 la rivi\u00e8re prendre leur goutte d&rsquo;eau et la d\u00e9poser sur l&rsquo;arbre en feu. \u2028Ces millions de gouttes finissent par arr\u00eater le brasier.\u2028Et l&rsquo;arbre de reverdir.\u2028Et l&rsquo;harmonie de rena\u00eetre.<\/span><\/p>\n<p><span style=\"color: #6600cc;\">A l\u2019image du conte am\u00e9rindien du colibri, chacun aussi petit qu\u2019il soit poss\u00e8de une force, un don, une diff\u00e9rence qui le rend compl\u00e9mentaire et indispensable aux autres\u2026.<\/span><\/p>\n<p><span style=\"color: #6600cc;\">Unissons nos talents pour un changement des consciences pour une humanit\u00e9 plus heureuse dans un syst\u2019AIME plus harmonieux.\u00a0<\/span><\/p>\n<p>&nbsp;<\/p>\n","protected":false},"excerpt":{"rendered":"<p>la force du petit&#8230; dans l&rsquo;infiniment grand Quelque part dans un coin recul\u00e9 de la for\u00eat amazonienne, un arbre domine les autres et abrite de nombreux oiseaux.\u2028Un jour, frapp\u00e9 par la foudre, cet arbre prend feu. Tous les animaux s&rsquo;appr\u00eatent \u00e0 fuir face au danger. Tous sauf un, le colibri\u00a0! Cet oiseau agile vole jusqu&rsquo;\u00e0 &hellip; <a href=\"https:\/\/www.inspir.be\/?page_id=864\" class=\"more-link\">Continuer la lecture de <span class=\"screen-reader-text\">Le Colibri<\/span>  <span class=\"meta-nav\">&rarr;<\/span><\/a><\/p>\n","protected":false},"author":1,"featured_media":0,"parent":2,"menu_order":2,"comment_status":"closed","ping_status":"closed","template":"","meta":{"footnotes":""},"class_list":["post-864","page","type-page","status-publish","hentry"],"_links":{"self":[{"href":"https:\/\/www.inspir.be\/index.php?rest_route=\/wp\/v2\/pages\/864","targetHints":{"allow":["GET"]}}],"collection":[{"href":"https:\/\/www.inspir.be\/index.php?rest_route=\/wp\/v2\/pages"}],"about":[{"href":"https:\/\/www.inspir.be\/index.php?rest_route=\/wp\/v2\/types\/page"}],"author":[{"embeddable":true,"href":"https:\/\/www.inspir.be\/index.php?rest_route=\/wp\/v2\/users\/1"}],"replies":[{"embeddable":true,"href":"https:\/\/www.inspir.be\/index.php?rest_route=%2Fwp%2Fv2%2Fcomments&post=864"}],"version-history":[{"count":6,"href":"https:\/\/www.inspir.be\/index.php?rest_route=\/wp\/v2\/pages\/864\/revisions"}],"predecessor-version":[{"id":1321,"href":"https:\/\/www.inspir.be\/index.php?rest_route=\/wp\/v2\/pages\/864\/revisions\/1321"}],"up":[{"embeddable":true,"href":"https:\/\/www.inspir.be\/index.php?rest_route=\/wp\/v2\/pages\/2"}],"wp:attachment":[{"href":"https:\/\/www.inspir.be\/index.php?rest_route=%2Fwp%2Fv2%2Fmedia&parent=864"}],"curies":[{"name":"wp","href":"https:\/\/api.w.org\/{rel}","templated":true}]}}