{"id":2861,"date":"2016-08-26T18:42:47","date_gmt":"2016-08-26T16:42:47","guid":{"rendered":"http:\/\/www.inspir.be\/?page_id=2861"},"modified":"2016-09-03T12:50:21","modified_gmt":"2016-09-03T10:50:21","slug":"permaculture-livres-en-pdf-a-telecharger","status":"publish","type":"page","link":"https:\/\/www.inspir.be\/?page_id=2861","title":{"rendered":"Permaculture : Livres en PDF \u00e0 t\u00e9l\u00e9charger"},"content":{"rendered":"<p><a href=\"http:\/\/inspir.be\/WordPress3\/wp-content\/uploads\/2016\/08\/Masanobu-Fukuoka-la-revolution-dun-seul-brin-de-paille.pdf\" target=\"_blank\" rel=\"attachment wp-att-2875\"><img loading=\"lazy\" decoding=\"async\" class=\" wp-image-2875 alignleft\" src=\"http:\/\/inspir.be\/WordPress3\/wp-content\/uploads\/2016\/08\/La-r\u00e9volution-dun-seul-brin-de-paille-Masanobu-Fukuoka.jpg\" alt=\"La r\u00e9volution d'un seul brin de paille Masanobu Fukuoka\" width=\"139\" height=\"210\" \/><\/a><span style=\"text-decoration: underline;\"><a href=\"http:\/\/inspir.be\/WordPress3\/wp-content\/uploads\/2016\/08\/Masanobu-Fukuoka-la-revolution-dun-seul-brin-de-paille.pdf\" target=\"_blank\">Masanobu Fukuoka-la r\u00e9volution d\u2019un seul brin de paille<\/a><\/span><\/p>\n<p><a href=\"http:\/\/www.inspir.be\/?attachment_id=2873\" rel=\"attachment wp-att-2873\"><img loading=\"lazy\" decoding=\"async\" class=\"alignright size-full wp-image-2873\" src=\"http:\/\/inspir.be\/WordPress3\/wp-content\/uploads\/2016\/08\/Masanobu-Fukuoka.jpg\" alt=\"Masanobu Fukuoka\" width=\"264\" height=\"191\" \/><\/a><\/p>\n<p>&nbsp;<\/p>\n<p>&nbsp;<\/p>\n<p>&nbsp;<\/p>\n<p><a href=\"http:\/\/inspir.be\/WordPress3\/wp-content\/uploads\/2016\/08\/Masanobu-Fukuoka-Lagriculture-naturelle.pdf\" target=\"_blank\" rel=\"attachment wp-att-2876\"><img loading=\"lazy\" decoding=\"async\" class=\" wp-image-2876 alignleft\" src=\"http:\/\/inspir.be\/WordPress3\/wp-content\/uploads\/2016\/08\/Lagriculture-naturelle-Masanobu-Fukuoka-186x300.jpg\" alt=\"L'agriculture naturelle Masanobu Fukuoka\" width=\"140\" height=\"226\" srcset=\"http:\/\/inspir.be\/WordPress3\/wp-content\/uploads\/2016\/08\/Lagriculture-naturelle-Masanobu-Fukuoka-186x300.jpg 186w, http:\/\/inspir.be\/WordPress3\/wp-content\/uploads\/2016\/08\/Lagriculture-naturelle-Masanobu-Fukuoka.jpg 310w\" sizes=\"auto, (max-width: 140px) 100vw, 140px\" \/><\/a><\/p>\n<p>&nbsp;<\/p>\n<p>&nbsp;<\/p>\n<p><a href=\"http:\/\/inspir.be\/WordPress3\/wp-content\/uploads\/2016\/08\/Masanobu-Fukuoka-Lagriculture-naturelle.pdf\" target=\"_blank\"><span style=\"text-decoration: underline;\">Masanobu Fukuoka, L&rsquo;agriculture naturelle<\/span><\/a><\/p>\n<p>&nbsp;<\/p>\n<p>&nbsp;<\/p>\n<p><a href=\"http:\/\/www.inspir.be\/?attachment_id=2865\" rel=\"attachment wp-att-2865\"><img loading=\"lazy\" decoding=\"async\" class=\"wp-image-2865 alignleft\" src=\"http:\/\/inspir.be\/WordPress3\/wp-content\/uploads\/2016\/08\/permaculture-1-Bill-Mollison-218x300.jpg\" alt=\"permaculture 1 Bill Mollison\" width=\"144\" height=\"198\" srcset=\"http:\/\/inspir.be\/WordPress3\/wp-content\/uploads\/2016\/08\/permaculture-1-Bill-Mollison-218x300.jpg 218w, http:\/\/inspir.be\/WordPress3\/wp-content\/uploads\/2016\/08\/permaculture-1-Bill-Mollison-768x1057.jpg 768w, http:\/\/inspir.be\/WordPress3\/wp-content\/uploads\/2016\/08\/permaculture-1-Bill-Mollison-744x1024.jpg 744w, http:\/\/inspir.be\/WordPress3\/wp-content\/uploads\/2016\/08\/permaculture-1-Bill-Mollison.jpg 1275w\" sizes=\"auto, (max-width: 144px) 100vw, 144px\" \/><\/a><\/p>\n<p><a href=\"http:\/\/inspir.be\/WordPress3\/wp-content\/uploads\/2016\/08\/Bill-Mollison-Permaculture-1.pdf\" target=\"_blank\"><span style=\"text-decoration: underline;\">Permaculture 1 de Bill Mollison &amp; David Holmgren<\/span><\/a><\/p>\n<p><a href=\"http:\/\/www.inspir.be\/?attachment_id=2877\" rel=\"attachment wp-att-2877\"><img loading=\"lazy\" decoding=\"async\" class=\"alignright wp-image-2877\" src=\"http:\/\/inspir.be\/WordPress3\/wp-content\/uploads\/2016\/08\/Mollison-B.-and-Holmgren-D-300x182.png\" alt=\"Mollison-B.-and-Holmgren-D\" width=\"274\" height=\"166\" srcset=\"http:\/\/inspir.be\/WordPress3\/wp-content\/uploads\/2016\/08\/Mollison-B.-and-Holmgren-D-300x182.png 300w, http:\/\/inspir.be\/WordPress3\/wp-content\/uploads\/2016\/08\/Mollison-B.-and-Holmgren-D.png 561w\" sizes=\"auto, (max-width: 274px) 100vw, 274px\" \/><\/a><\/p>\n<p>&nbsp;<\/p>\n<p><a href=\"http:\/\/inspir.be\/WordPress3\/wp-content\/uploads\/2016\/08\/Bill-Mollison-Permaculture-2.pdf\" target=\"_blank\" rel=\"attachment wp-att-2862\"><img loading=\"lazy\" decoding=\"async\" class=\" wp-image-2862 alignleft\" src=\"http:\/\/inspir.be\/WordPress3\/wp-content\/uploads\/2016\/08\/permaculture-2-Bill-Mollison-223x300.jpg\" alt=\"permaculture 2 Bill Mollison\" width=\"141\" height=\"189\" srcset=\"http:\/\/inspir.be\/WordPress3\/wp-content\/uploads\/2016\/08\/permaculture-2-Bill-Mollison-223x300.jpg 223w, http:\/\/inspir.be\/WordPress3\/wp-content\/uploads\/2016\/08\/permaculture-2-Bill-Mollison-768x1032.jpg 768w, http:\/\/inspir.be\/WordPress3\/wp-content\/uploads\/2016\/08\/permaculture-2-Bill-Mollison-762x1024.jpg 762w, http:\/\/inspir.be\/WordPress3\/wp-content\/uploads\/2016\/08\/permaculture-2-Bill-Mollison.jpg 1170w\" sizes=\"auto, (max-width: 141px) 100vw, 141px\" \/><\/a><\/p>\n<p>&nbsp;<\/p>\n<p>&nbsp;<\/p>\n<p>&nbsp;<\/p>\n<p><a href=\"http:\/\/inspir.be\/WordPress3\/wp-content\/uploads\/2016\/08\/Bill-Mollison-Permaculture-2.pdf\" target=\"_blank\"><span style=\"text-decoration: underline;\">Permaculture 2 de Bill Mo<\/span><\/a><a href=\"http:\/\/inspir.be\/WordPress3\/wp-content\/uploads\/2016\/08\/Bill-Mollison-Permaculture-2.pdf\" target=\"_blank\"><span style=\"text-decoration: underline;\">llison &amp; David <span id=\"transmark\"><\/span>Holmgren<\/span><\/a><\/p>\n<div data-canvas-width=\"561.9456000000001\"><a href=\"http:\/\/inspir.be\/WordPress3\/wp-content\/uploads\/2016\/09\/Templiers.pdf\" target=\"_blank\" rel=\"attachment wp-att-2911\"><img loading=\"lazy\" decoding=\"async\" class=\" wp-image-2911 alignleft\" src=\"http:\/\/inspir.be\/WordPress3\/wp-content\/uploads\/2016\/09\/Templiers-compost-216x300.jpg\" alt=\"Templiers (compost)\" width=\"140\" height=\"194\" srcset=\"http:\/\/inspir.be\/WordPress3\/wp-content\/uploads\/2016\/09\/Templiers-compost-216x300.jpg 216w, http:\/\/inspir.be\/WordPress3\/wp-content\/uploads\/2016\/09\/Templiers-compost.jpg 360w\" sizes=\"auto, (max-width: 140px) 100vw, 140px\" \/><\/a><\/div>\n<p>&nbsp;<\/p>\n<p>&nbsp;<\/p>\n<p><a href=\"http:\/\/inspir.be\/WordPress3\/wp-content\/uploads\/2016\/09\/Templiers.pdf\" target=\"_blank\"><span style=\"text-decoration: underline;\">LES TEMPLIERS et l&rsquo;agriculture<br \/>\n<\/span><\/a><span style=\"text-decoration: underline;\">ou les composts templiers<\/span><\/p>\n<p>&nbsp;<\/p>\n","protected":false},"excerpt":{"rendered":"<p>Masanobu Fukuoka-la r\u00e9volution d\u2019un seul brin de paille &nbsp; &nbsp; &nbsp; &nbsp; &nbsp; Masanobu Fukuoka, L&rsquo;agriculture naturelle &nbsp; &nbsp; Permaculture 1 de Bill Mollison &amp; David Holmgren &nbsp; &nbsp; &nbsp; &nbsp; Permaculture 2 de Bill Mollison &amp; David Holmgren &nbsp; &nbsp; LES TEMPLIERS et l&rsquo;agriculture ou les composts templiers &nbsp;<\/p>\n","protected":false},"author":1,"featured_media":0,"parent":1772,"menu_order":10,"comment_status":"closed","ping_status":"closed","template":"","meta":{"footnotes":""},"class_list":["post-2861","page","type-page","status-publish","hentry"],"_links":{"self":[{"href":"https:\/\/www.inspir.be\/index.php?rest_route=\/wp\/v2\/pages\/2861","targetHints":{"allow":["GET"]}}],"collection":[{"href":"https:\/\/www.inspir.be\/index.php?rest_route=\/wp\/v2\/pages"}],"about":[{"href":"https:\/\/www.inspir.be\/index.php?rest_route=\/wp\/v2\/types\/page"}],"author":[{"embeddable":true,"href":"https:\/\/www.inspir.be\/index.php?rest_route=\/wp\/v2\/users\/1"}],"replies":[{"embeddable":true,"href":"https:\/\/www.inspir.be\/index.php?rest_route=%2Fwp%2Fv2%2Fcomments&post=2861"}],"version-history":[{"count":24,"href":"https:\/\/www.inspir.be\/index.php?rest_route=\/wp\/v2\/pages\/2861\/revisions"}],"predecessor-version":[{"id":2917,"href":"https:\/\/www.inspir.be\/index.php?rest_route=\/wp\/v2\/pages\/2861\/revisions\/2917"}],"up":[{"embeddable":true,"href":"https:\/\/www.inspir.be\/index.php?rest_route=\/wp\/v2\/pages\/1772"}],"wp:attachment":[{"href":"https:\/\/www.inspir.be\/index.php?rest_route=%2Fwp%2Fv2%2Fmedia&parent=2861"}],"curies":[{"name":"wp","href":"https:\/\/api.w.org\/{rel}","templated":true}]}}