{"id":2824,"date":"2016-04-30T13:14:32","date_gmt":"2016-04-30T11:14:32","guid":{"rendered":"http:\/\/www.inspir.be\/?page_id=2824"},"modified":"2016-05-13T17:48:52","modified_gmt":"2016-05-13T15:48:52","slug":"voyage-dans-le-desert-en-famille","status":"publish","type":"page","link":"https:\/\/www.inspir.be\/?page_id=2824","title":{"rendered":"voyage dans le d\u00e9sert en famille"},"content":{"rendered":"<p><span style=\"font-family: book antiqua,palatino,serif; font-size: 14pt;\"><span style=\"font-size: 16pt;\"><strong><span style=\"color: #993300;\">Un voyage <span id=\"transmark\"><\/span>dans le d\u00e9sert sp\u00e9cialement\u00a0\u00e9labor\u00e9e<\/span><\/strong><\/span><span style=\"color: #993300;\"><strong><span style=\"font-size: 16pt;\"> pour votre famille !<\/span><\/strong><\/span><\/span><\/p>\n<p><span style=\"font-family: book antiqua,palatino,serif; font-size: 14pt;\"><span style=\"color: #993300;\">Venez \u00ab\u00a0en famille\u00a0\u00bb d\u00e9couvrir le monde du Petit Prince,<br \/>\ndes hommes bleus et des dunes,<br \/>\nau c\u0153ur du SAHARA !<\/span><a href=\"http:\/\/inspir.be\/WordPress3\/wp-content\/uploads\/2013\/03\/DSC02445.jpg\"><img loading=\"lazy\" decoding=\"async\" class=\"alignright size-medium wp-image-2154\" src=\"http:\/\/inspir.be\/WordPress3\/wp-content\/uploads\/2013\/03\/DSC02445-300x225.jpg\" alt=\"stage d\u00e9ser en famille www.inspir.be\" width=\"300\" height=\"225\" srcset=\"http:\/\/inspir.be\/WordPress3\/wp-content\/uploads\/2013\/03\/DSC02445-300x225.jpg 300w, http:\/\/inspir.be\/WordPress3\/wp-content\/uploads\/2013\/03\/DSC02445-1024x768.jpg 1024w\" sizes=\"auto, (max-width: 300px) 100vw, 300px\" \/><\/a><\/span><\/p>\n<p><span style=\"font-family: book antiqua,palatino,serif; font-size: 14pt;\">Fort de plus de 20 ans de conduite de voyages et de stages dans les d\u00e9serts du<br \/>\nSahara, <strong><em>Charles\u00a0de Wouters <\/em><\/strong>vous fera voyager en douceur et en toute s\u00e9curit\u00e9 dans les d\u00e9cors infinis du d\u00e9sert.<\/span><\/p>\n<p><span style=\"font-family: book antiqua,palatino,serif; font-size: 14pt;\">\u00a0Il vous proposera :<\/span><\/p>\n<ul>\n<li><span style=\"font-family: book antiqua,palatino,serif; font-size: 14pt;\">de m\u00ealer paysages d&rsquo;une beaut\u00e9 \u00e0 couper le souffle et r\u00e9flexions lumineuses;<\/span><\/li>\n<li><span style=\"font-family: book antiqua,palatino,serif; font-size: 14pt;\">de marcher doucement au rythme des plus jeunes;<\/span><\/li>\n<li><span style=\"font-family: book antiqua,palatino,serif; font-size: 14pt;\">d&rsquo;oser se faire plaisir et r\u00e9aliser un (vieux) r\u00eave d\u2019aventure partag\u00e9 entre parents et enfants;<\/span><\/li>\n<li><span style=\"font-family: book antiqua,palatino,serif; font-size: 14pt;\">de prendre un temps pr\u00e9cieux avec soi-m\u00eame et go\u00fbter les joies d&rsquo;\u00eatre \u00ab\u00a0en famille\u00a0\u00bb;<\/span><\/li>\n<li><span style=\"font-family: book antiqua,palatino,serif; font-size: 14pt;\">de renouer avec une vraie simplicit\u00e9;<\/span><\/li>\n<\/ul>\n<p><span style=\"text-decoration: underline; font-family: book antiqua,palatino,serif; font-size: 14pt;\"><span style=\"color: #993300; text-decoration: underline;\"><strong>Tarif<\/strong><\/span><\/span><br \/>\n<span style=\"font-family: book antiqua,palatino,serif; font-size: 14pt;\"> * Soit sur mesure avec uniquement les membres de votre famille.<br \/>\n* Soit 985\u20ac par participant hors avion (Ryanair-Jetair-Transavia&#8230;) dans un groupe organis\u00e9 par Inspir.be.<\/span><\/p>\n<p><span style=\"font-family: book antiqua,palatino,serif; font-size: 14pt;\"><span style=\"text-decoration: underline;\"><span style=\"color: #993300; text-decoration: underline;\"><strong>Age des participants<\/strong><\/span><\/span><\/span><br \/>\n<span style=\"font-family: book antiqua,palatino,serif; font-size: 14pt;\">Pour que le voyage soit aussi agr\u00e9able pour les parents, il est souhaitable de partir avec des enfants d&rsquo;au moins 6 ans.<br \/>\n<\/span><\/p>\n<p><span style=\"text-decoration: underline; font-family: book antiqua,palatino,serif; font-size: 14pt;\"><span style=\"color: #993300; text-decoration: underline;\"><strong>Plus d&rsquo;infos<\/strong><\/span><\/span><br \/>\n<span style=\"font-family: book antiqua,palatino,serif; font-size: 14pt;\"> n&rsquo;h\u00e9sitez pas \u00e0 m&rsquo;appeler au 0475-74.14.14, je me ferai un plaisir de venir\u00a0 vous pr\u00e9senter <a href=\"http:\/\/inspir.be\/WordPress3\/wp-content\/uploads\/2013\/03\/DSC02370.jpg\"><img loading=\"lazy\" decoding=\"async\" class=\"alignright size-medium wp-image-2157\" src=\"http:\/\/inspir.be\/WordPress3\/wp-content\/uploads\/2013\/03\/DSC02370-300x225.jpg\" alt=\"voyage d\u00e9sert en famille www.inspir.be\" width=\"227\" height=\"170\" srcset=\"http:\/\/inspir.be\/WordPress3\/wp-content\/uploads\/2013\/03\/DSC02370-300x225.jpg 300w, http:\/\/inspir.be\/WordPress3\/wp-content\/uploads\/2013\/03\/DSC02370-1024x768.jpg 1024w\" sizes=\"auto, (max-width: 227px) 100vw, 227px\" \/><\/a><\/span><\/p>\n<p><span style=\"text-decoration: underline; font-family: book antiqua,palatino,serif; font-size: 14pt;\"><span style=\"color: #993300; text-decoration: underline;\"><strong>\u00a0Inscription<\/strong><\/span><\/span><br \/>\n<span style=\"font-family: book antiqua,palatino,serif; font-size: 14pt;\"> Inscrivez-vous sans trop tarder. Comme ce voyage se fait pendant le cong\u00e9 scolaire de Carnaval &amp; Toussaint, les places dans l&rsquo;avion sont strictement limit\u00e9es !<\/span><\/p>\n<p><span style=\"font-family: book antiqua,palatino,serif; font-size: 14pt;\"><span style=\"text-decoration: underline;\"><span style=\"color: #008000; text-decoration: underline;\">\u00a0<a style=\"color: #008000; text-decoration: underline;\" href=\"http:\/\/inspir.be\/WordPress3\/wp-content\/uploads\/2016\/04\/16-10-Invitation-stage-famille.pdf\" target=\"_blank\">Pour toutes informations et pour les inscriptions, t\u00e9l\u00e9charger la broch<\/a><\/span><span style=\"color: #008000; text-decoration: underline;\">ure du stage<\/span><br \/>\n<\/span><a title=\"descriptif stage d\u00e9sert nov 2013\" href=\"http:\/\/inspir.be\/WordPress3\/wp-content\/uploads\/2013\/03\/13-11-descriptif-stage-D\u00e9sert-CHF.pdf\" target=\"_blank\"><br \/>\n<strong>Au grand plaisir de notre rencontre.<\/strong><\/a><\/span><\/p>\n<p><span style=\"font-family: book antiqua,palatino,serif; font-size: 14pt;\"><strong>\u00a0Charles de Wouters<br \/>\n<\/strong>charles@inspir.be<\/span><\/p>\n","protected":false},"excerpt":{"rendered":"<p>Un voyage dans le d\u00e9sert sp\u00e9cialement\u00a0\u00e9labor\u00e9e pour votre famille ! Venez \u00ab\u00a0en famille\u00a0\u00bb d\u00e9couvrir le monde du Petit Prince, des hommes bleus et des dunes, au c\u0153ur du SAHARA ! Fort de plus de 20 ans de conduite de voyages et de stages dans les d\u00e9serts du Sahara, Charles\u00a0de Wouters vous fera voyager en douceur &hellip; <a href=\"https:\/\/www.inspir.be\/?page_id=2824\" class=\"more-link\">Continuer la lecture de <span class=\"screen-reader-text\">voyage dans le d\u00e9sert en famille<\/span>  <span class=\"meta-nav\">&rarr;<\/span><\/a><\/p>\n","protected":false},"author":1,"featured_media":0,"parent":1735,"menu_order":10,"comment_status":"closed","ping_status":"closed","template":"","meta":{"footnotes":""},"class_list":["post-2824","page","type-page","status-publish","hentry"],"_links":{"self":[{"href":"https:\/\/www.inspir.be\/index.php?rest_route=\/wp\/v2\/pages\/2824","targetHints":{"allow":["GET"]}}],"collection":[{"href":"https:\/\/www.inspir.be\/index.php?rest_route=\/wp\/v2\/pages"}],"about":[{"href":"https:\/\/www.inspir.be\/index.php?rest_route=\/wp\/v2\/types\/page"}],"author":[{"embeddable":true,"href":"https:\/\/www.inspir.be\/index.php?rest_route=\/wp\/v2\/users\/1"}],"replies":[{"embeddable":true,"href":"https:\/\/www.inspir.be\/index.php?rest_route=%2Fwp%2Fv2%2Fcomments&post=2824"}],"version-history":[{"count":3,"href":"https:\/\/www.inspir.be\/index.php?rest_route=\/wp\/v2\/pages\/2824\/revisions"}],"predecessor-version":[{"id":2835,"href":"https:\/\/www.inspir.be\/index.php?rest_route=\/wp\/v2\/pages\/2824\/revisions\/2835"}],"up":[{"embeddable":true,"href":"https:\/\/www.inspir.be\/index.php?rest_route=\/wp\/v2\/pages\/1735"}],"wp:attachment":[{"href":"https:\/\/www.inspir.be\/index.php?rest_route=%2Fwp%2Fv2%2Fmedia&parent=2824"}],"curies":[{"name":"wp","href":"https:\/\/api.w.org\/{rel}","templated":true}]}}