{"id":26,"date":"2011-12-25T21:53:26","date_gmt":"2011-12-25T20:53:26","guid":{"rendered":"http:\/\/inspir.be\/WordPress3\/?page_id=26"},"modified":"2016-08-26T18:21:31","modified_gmt":"2016-08-26T16:21:31","slug":"contact","status":"publish","type":"page","link":"https:\/\/www.inspir.be\/?page_id=26","title":{"rendered":"Contacts"},"content":{"rendered":"<p><a href=\"http:\/\/inspir.be\/WordPress3\/wp-content\/uploads\/2011\/12\/11-12-11.jpg\"><img loading=\"lazy\" decoding=\"async\" class=\"wp-image-91 alignleft\" title=\"Charles de Wouters d\u00e9c 2012\" src=\"http:\/\/inspir.be\/WordPress3\/wp-content\/uploads\/2011\/12\/11-12-11-1024x576.jpg\" alt=\"\" width=\"304\" height=\"170\" srcset=\"http:\/\/inspir.be\/WordPress3\/wp-content\/uploads\/2011\/12\/11-12-11-1024x576.jpg 1024w, http:\/\/inspir.be\/WordPress3\/wp-content\/uploads\/2011\/12\/11-12-11-300x168.jpg 300w\" sizes=\"auto, (max-width: 304px) 100vw, 304px\" \/><\/a><strong><br \/>\n<\/strong><strong><span style=\"font-family: book antiqua,palatino; font-size: 16px;\">Charles de Wouters<\/span><\/strong><br \/>\n<strong><span style=\"font-family: book antiqua,palatino; font-size: 16px;\"> e-mail : formulaire ci-dessous<\/span><\/strong><br \/>\n<strong><span style=\"font-family: book antiqua,palatino; font-size: 16px;\"> Mobile : 0475-74.14.14<\/span><\/strong><br \/>\n<strong><span style=\"font-family: book antiqua,palatino; font-size: 16px;\"> depuis l&rsquo;\u00e9tranger : +32\/475.74.14.14<br \/>\n<\/span><\/strong><\/p>\n<h1><strong><span style=\"font-size: 18px;\"><a title=\"calendrier des stages\" href=\"http:\/\/www.inspir.be\/?post_type=tribe_events\" target=\"_blank\"><span style=\"text-decoration: underline;\"><em><strong>d\u00e9couvrez les stages et formations propos\u00e9s,<br \/>\nles voyages dans\u00a0 le d\u00e9sert,<\/strong><\/em><\/span><\/a><br \/>\n<\/span><\/strong><\/h1>\n<h1><\/h1>\n\n\n<!-- Fast Secure Contact Form plugin 4.0.52 - begin - FastSecureContactForm.com -->\r\n<div style=\"clear:both;\"><\/div>\n<p>Si vous souhaitez un renseignement ou une information compl\u00e9mentaire, n'h\u00e9sitez pas \u00e0 m'envoyer un mail gr\u00e2ce au formulaire ci-dessous.<\/p>\r\n<div id=\"FSContact1\" style=\"width:375px;\">\r\n<form action=\"https:\/\/www.inspir.be\/index.php?rest_route=%2Fwp%2Fv2%2Fpages%2F26#FSContact1\" id=\"fscf_form1\" method=\"post\">\r\n<fieldset id=\"fscf_form_fieldset1\" style=\"border:5px solid green; padding:10px;\">\n\n<div id=\"fscf_required1\">\n  <span style=\"text-align:left;\">*<\/span> <span style=\"text-align:left;\">champ obligatoire<\/span>\n<\/div>\n\n\n<div id=\"fscf_div_clear1_0\" style=\"clear:both;\">\n  <div id=\"fscf_div_field1_0\" style=\"clear:left; float:left; width:99%; max-width:550px; margin-right:10px;\">\r\n    <div style=\"text-align:left; padding-top:5px;\">\n      <label style=\"text-align:left;\" for=\"fscf_name1\">Nom<span style=\"text-align:left;\">*<\/span><\/label>\n    <\/div>\r\n    <div style=\"text-align:left;\">\r\n      <input style=\"text-align:left; margin:0;\" type=\"text\" id=\"fscf_name1\" name=\"full_name\" value=\"\"  \/>\r\n    <\/div>\r\n  <\/div>\n<\/div>\n\n<div id=\"fscf_div_clear1_1\" style=\"clear:both;\">\n  <div id=\"fscf_div_field1_1\" style=\"clear:left; float:left; width:99%; max-width:550px; margin-right:10px;\">\n    <div style=\"text-align:left; padding-top:5px;\">\n      <label style=\"text-align:left;\" for=\"fscf_email1\">votre adresse mail<span style=\"text-align:left;\">*<\/span><\/label>\n    <\/div>\n    <div style=\"text-align:left;\">\n      <input style=\"text-align:left; margin:0;\" type=\"text\" id=\"fscf_email1\" name=\"email\" value=\"\"  \/>\n    <\/div>\n  <\/div>\n<\/div>\n\n<div id=\"fscf_div_clear1_1_2\" style=\"clear:both;\">\n  <div id=\"fscf_div_field1_1_2\" style=\"clear:left; float:left; width:99%; max-width:550px; margin-right:10px;\">\n    <div style=\"text-align:left; padding-top:5px;\">\n      <label style=\"text-align:left;\" for=\"fscf_email1_2\">Merci de confirmer votre adresse mail<span style=\"text-align:left;\">*<\/span><\/label>\n    <\/div>\n    <div style=\"text-align:left;\">\n      <input style=\"text-align:left; margin:0;\" type=\"text\" id=\"fscf_email1_2\" name=\"email2\" value=\"\"  \/>\n    <\/div>\n  <\/div>\n<\/div>\n\n<div id=\"fscf_div_clear1_2\" style=\"clear:both;\">\n  <div id=\"fscf_div_field1_2\" style=\"clear:left; float:left; width:99%; max-width:550px; margin-right:10px;\">\n    <div style=\"text-align:left; padding-top:5px;\">\n      <label style=\"text-align:left;\" for=\"fscf_field1_2\">Sujet<span style=\"text-align:left;\">*<\/span><\/label>\n    <\/div>\n    <div style=\"text-align:left;\">\n      <input style=\"text-align:left; margin:0;\" type=\"text\" id=\"fscf_field1_2\" name=\"subject\" value=\"\"  \/>\n    <\/div>\n  <\/div>\n<\/div>\n\n<div id=\"fscf_div_clear1_3\" style=\"clear:both;\">\n  <div id=\"fscf_div_field1_3\" style=\"clear:left; float:left; width:99%; max-width:550px; margin-right:10px;\">\n    <div style=\"text-align:left; padding-top:5px;\">\n      <label style=\"text-align:left;\" for=\"fscf_field1_3\">Message<span style=\"text-align:left;\">*<\/span><\/label>\n    <\/div>\n    <div style=\"text-align:left;\">\n      <textarea style=\"text-align:left; margin:0; width:99%; max-width:250px; height:120px;\" id=\"fscf_field1_3\" name=\"message\" cols=\"30\" rows=\"10\" ><\/textarea>\n    <\/div>\n  <\/div>\n<\/div>\r\n<div style=\"clear:both;\"><\/div>\n\n<div id=\"fscf_submit_div1\" style=\"text-align:left; color:blue; padding-top:2px;\">\r\n\t\t<input type=\"submit\" id=\"fscf_submit1\" style=\"cursor:pointer; color:white; margin:0;\" value=\"Envoyer\"  onclick=\"this.disabled=true; this.value='Soumis...'; this.form.submit();\" \/> \n<\/div>\n<\/fieldset>\n\n<input type=\"hidden\" name=\"fscf_submitted\" value=\"0\" \/>\n<input type=\"hidden\" name=\"fs_postonce_1\" value=\"94b6bb548959ad669983520808f0b73d,1776717174\" \/>\n<input type=\"hidden\" name=\"si_contact_action\" value=\"send\" \/>\n<input type=\"hidden\" name=\"form_id\" value=\"1\" \/>\n<input type=\"hidden\" name=\"mailto_id\" value=\"1\" \/>\n\n<\/form>\n<\/div>\r\n<div style=\"clear:both;\"><\/div>\n\n<!-- Fast Secure Contact Form plugin 4.0.52 - end - FastSecureContactForm.com -->\n\n","protected":false},"excerpt":{"rendered":"<p>Charles de Wouters e-mail : formulaire ci-dessous Mobile : 0475-74.14.14 depuis l&rsquo;\u00e9tranger : +32\/475.74.14.14 d\u00e9couvrez les stages et formations propos\u00e9s, les voyages dans\u00a0 le d\u00e9sert,<\/p>\n","protected":false},"author":1,"featured_media":0,"parent":0,"menu_order":800,"comment_status":"closed","ping_status":"closed","template":"","meta":{"footnotes":""},"class_list":["post-26","page","type-page","status-publish","hentry"],"_links":{"self":[{"href":"https:\/\/www.inspir.be\/index.php?rest_route=\/wp\/v2\/pages\/26","targetHints":{"allow":["GET"]}}],"collection":[{"href":"https:\/\/www.inspir.be\/index.php?rest_route=\/wp\/v2\/pages"}],"about":[{"href":"https:\/\/www.inspir.be\/index.php?rest_route=\/wp\/v2\/types\/page"}],"author":[{"embeddable":true,"href":"https:\/\/www.inspir.be\/index.php?rest_route=\/wp\/v2\/users\/1"}],"replies":[{"embeddable":true,"href":"https:\/\/www.inspir.be\/index.php?rest_route=%2Fwp%2Fv2%2Fcomments&post=26"}],"version-history":[{"count":92,"href":"https:\/\/www.inspir.be\/index.php?rest_route=\/wp\/v2\/pages\/26\/revisions"}],"predecessor-version":[{"id":2839,"href":"https:\/\/www.inspir.be\/index.php?rest_route=\/wp\/v2\/pages\/26\/revisions\/2839"}],"wp:attachment":[{"href":"https:\/\/www.inspir.be\/index.php?rest_route=%2Fwp%2Fv2%2Fmedia&parent=26"}],"curies":[{"name":"wp","href":"https:\/\/api.w.org\/{rel}","templated":true}]}}