{"id":2,"date":"2011-12-25T14:18:56","date_gmt":"2011-12-25T13:18:56","guid":{"rendered":"http:\/\/inspir.be\/WordPress3\/\/?page_id=2"},"modified":"2025-01-20T00:06:11","modified_gmt":"2025-01-19T23:06:11","slug":"about","status":"publish","type":"page","link":"https:\/\/www.inspir.be\/","title":{"rendered":"\u00ab\u00a0L&rsquo;inspir\u00a0\u00bb"},"content":{"rendered":"<p style=\"text-align: left;\"><span style=\"font-family: book antiqua,palatino; font-size: 20px;\"><strong><span id=\"transmark\"><\/span>\u00ab\u00a0L&rsquo;inspir\u00a0\u00bb est le premier de tous les temps,<\/strong><\/span><br \/>\n<span style=\"font-family: book antiqua,palatino; font-size: 20px;\"><strong>celui qu&rsquo;il e<\/strong><strong>st important de <\/strong><strong>prendre pour soi !<\/strong><\/span><a href=\"http:\/\/www.inspir.be\/?page_id=2697\" target=\"_blank\" rel=\"noopener noreferrer\"><br \/>\n<\/a><iframe loading=\"lazy\" src=\"\/\/player.vimeo.com\/video\/210997577?title=0&amp;amp;byline=0\" width=\"425\" height=\"350\" allowfullscreen=\"allowfullscreen\"><\/iframe><strong><span style=\"font-family: book antiqua, palatino, serif; font-size: 18pt;\">Notre prochain d\u00e9part pour le d\u00e9sert c&rsquo;est dans :<div class=\"content_countdown\" id=\"main_countedown_1\"><div class=\"countdown\">\r\n\t\t\t\t<span class=\"element_conteiner\"><span  class=\"days time_left\">-2393<\/span><span class=\"time_description\">Jours<\/span><\/span>\r\n\t\t\t\t<span class=\"element_conteiner\"><span  class=\"hourse time_left\">-1<\/span><span class=\"time_description\">heures<\/span><\/span>\r\n\t\t\t\t<span class=\"element_conteiner\"><span  class=\"minutes time_left\">-59<\/span><span class=\"time_description\">Minutes<\/span><\/span>\r\n\t\t\t\t<span class=\"element_conteiner\"><span  class=\"secondes time_left\">-20<\/span><span class=\"time_description\">Secondes<\/span><\/span>\r\n\t\t\t<\/div><\/div><script>\r\n        document.addEventListener('DOMContentLoaded', function(event) {\r\n\t\t\tjQuery('#main_countedown_1 .countdown').html('')\r\n\t\t});<\/script><style>#main_countedown_1 .countdown{text-align:center;}#main_countedown_1 .countdown{margin-top:10px;margin-bottom:10px}#main_countedown_1 .time_left{\r\nborder-radius:8px;\r\nbackground-color:#3DA8CC;\r\nfont-size:23px;\r\nfont-family:monospace;\r\ncolor:#000000;\r\n}\r\n#main_countedown_1 .time_description{\r\nfont-size:23px;\r\nfont-family:monospace;\r\ncolor:#000000;\r\n}\r\n#main_countedown_1 .element_conteiner{min-width:90px}<\/style><\/span><\/strong><a href=\"http:\/\/www.inspir.be\/?attachment_id=2752\" rel=\"attachment wp-att-2752\"><img loading=\"lazy\" decoding=\"async\" class=\" wp-image-2752 aligncenter\" src=\"http:\/\/inspir.be\/WordPress3\/wp-content\/uploads\/2011\/12\/d\u00e9sert-inspir-300x300.jpg\" alt=\"d\u00e9sert inspir\" width=\"350\" height=\"350\" srcset=\"http:\/\/inspir.be\/WordPress3\/wp-content\/uploads\/2011\/12\/d\u00e9sert-inspir-300x300.jpg 300w, http:\/\/inspir.be\/WordPress3\/wp-content\/uploads\/2011\/12\/d\u00e9sert-inspir-150x150.jpg 150w, http:\/\/inspir.be\/WordPress3\/wp-content\/uploads\/2011\/12\/d\u00e9sert-inspir-768x768.jpg 768w, http:\/\/inspir.be\/WordPress3\/wp-content\/uploads\/2011\/12\/d\u00e9sert-inspir-810x810.jpg 810w, http:\/\/inspir.be\/WordPress3\/wp-content\/uploads\/2011\/12\/d\u00e9sert-inspir.jpg 960w\" sizes=\"auto, (max-width: 350px) 100vw, 350px\" \/><\/a><\/p>\n<p><span style=\"font-family: book antiqua,palatino; font-size: 18pt; color: #1397f0;\"><strong><span style=\"text-decoration: underline;\"><span style=\"color: #008000; text-decoration: underline;\">Que d\u00e9couvrirez-vous sur ce site ?<\/span><\/span><\/strong><\/span><\/p>\n<p><span style=\"font-size: 16pt; font-family: book antiqua,palatino,serif;\"> une source <em><strong>d&rsquo;inspir-ation<\/strong><\/em>,<br \/>\nune s\u00e9rie d&rsquo;articles, de stages, de voyage dans le d\u00e9sert,<br \/>\nde formations &amp; de th\u00e9rapies pour :<br \/>\n<\/span><\/p>\n<ul>\n<li><span style=\"font-family: book antiqua,palatino,serif; font-size: 16pt;\">prendre du temps pour soi<\/span><\/li>\n<li><span style=\"font-family: book antiqua,palatino,serif; font-size: 16pt;\">oser un vieux r\u00eave d&rsquo;aventure dans le d\u00e9sert<\/span><\/li>\n<li><span style=\"font-family: book antiqua,palatino,serif; font-size: 16pt;\">changer d&rsquo;air<\/span><\/li>\n<li><span style=\"font-family: book antiqua,palatino,serif; font-size: 16pt;\">faire germer de nouveaux projets<\/span><\/li>\n<li><span style=\"font-family: book antiqua,palatino,serif; font-size: 16pt;\">ouvrir de nouveaux horizons<\/span><\/li>\n<li><span style=\"font-family: book antiqua,palatino,serif; font-size: 16pt;\">trouver une aide pour les moments plus difficiles<\/span><\/li>\n<li><span style=\"font-family: book antiqua,palatino; font-size: 16pt;\"><span style=\"font-family: book antiqua,palatino,serif;\">d\u00e9couvrir ses talents, sa lumi\u00e8re &#8230;<\/span><\/span><\/li>\n<\/ul>\n<p><span style=\"text-decoration: underline;\"><strong><span style=\"font-family: book antiqua,palatino; font-size: 14pt; color: #008080; text-decoration: underline;\">C&rsquo;est parce-que je bouge que je peux mettre du<br \/>\nmouvement dans le monde !!!<\/span><\/strong><\/span><strong><span style=\"font-family: book antiqua,palatino; font-size: 14pt; color: #008080;\"><br \/>\n<\/span><\/strong><\/p>\n<div style=\"width: 398px;\" class=\"wp-video\"><!--[if lt IE 9]><script>document.createElement('video');<\/script><![endif]-->\n<video class=\"wp-video-shortcode\" id=\"video-2-1\" width=\"398\" height=\"224\" preload=\"metadata\" controls=\"controls\"><source type=\"video\/mp4\" src=\"http:\/\/inspir.be\/WordPress3\/wp-content\/uploads\/2011\/12\/Effet-domino.mp4?_=1\" \/><a href=\"http:\/\/inspir.be\/WordPress3\/wp-content\/uploads\/2011\/12\/Effet-domino.mp4\">http:\/\/inspir.be\/WordPress3\/wp-content\/uploads\/2011\/12\/Effet-domino.mp4<\/a><\/video><\/div>\n<p>&nbsp;<\/p>\n<p><a href=\"http:\/\/www.inspir.be\/?attachment_id=2778\" rel=\"attachment wp-att-2778\"><img loading=\"lazy\" decoding=\"async\" class=\" wp-image-2778 aligncenter\" src=\"http:\/\/inspir.be\/WordPress3\/wp-content\/uploads\/2011\/12\/pierre-rabhi-300x209.jpg\" alt=\"pierre rabhi\" width=\"359\" height=\"250\" srcset=\"http:\/\/inspir.be\/WordPress3\/wp-content\/uploads\/2011\/12\/pierre-rabhi-300x209.jpg 300w, http:\/\/inspir.be\/WordPress3\/wp-content\/uploads\/2011\/12\/pierre-rabhi.jpg 470w\" sizes=\"auto, (max-width: 359px) 100vw, 359px\" \/><\/a><\/p>\n<div style=\"width: 400px;\" class=\"wp-video\"><video class=\"wp-video-shortcode\" id=\"video-2-2\" width=\"400\" height=\"224\" preload=\"metadata\" controls=\"controls\"><source type=\"video\/mp4\" src=\"http:\/\/inspir.be\/WordPress3\/wp-content\/uploads\/2011\/12\/le-temps.mp4?_=2\" \/><a href=\"http:\/\/inspir.be\/WordPress3\/wp-content\/uploads\/2011\/12\/le-temps.mp4\">http:\/\/inspir.be\/WordPress3\/wp-content\/uploads\/2011\/12\/le-temps.mp4<\/a><\/video><\/div>\n<p><span style=\"font-size: 22px;\"><strong><span style=\"text-decoration: underline; font-family: book antiqua,palatino;\"><span style=\"color: #ff0000; text-decoration: underline; font-size: 20pt;\"><span style=\"font-size: 18pt;\"><span style=\"font-size: 16pt;\"><br \/>\nEncore <span class=\"scountdown\" data-time=\"25240\">25240 secondes<\/span> avant demain !<\/span><\/span><\/span><\/span><\/strong><\/span><\/p>\n","protected":false},"excerpt":{"rendered":"<p>\u00ab\u00a0L&rsquo;inspir\u00a0\u00bb est le premier de tous les temps, celui qu&rsquo;il est important de prendre pour soi ! Notre prochain d\u00e9part pour le d\u00e9sert c&rsquo;est dans : Que d\u00e9couvrirez-vous sur ce site ? une source d&rsquo;inspir-ation, une s\u00e9rie d&rsquo;articles, de stages, de voyage dans le d\u00e9sert, de formations &amp; de th\u00e9rapies pour : prendre du temps &hellip; <a href=\"https:\/\/www.inspir.be\/\" class=\"more-link\">Continuer la lecture de <span class=\"screen-reader-text\">\u00ab\u00a0L&rsquo;inspir\u00a0\u00bb<\/span>  <span class=\"meta-nav\">&rarr;<\/span><\/a><\/p>\n","protected":false},"author":1,"featured_media":0,"parent":0,"menu_order":0,"comment_status":"open","ping_status":"closed","template":"page-templates\/full-width.php","meta":{"footnotes":""},"class_list":["post-2","page","type-page","status-publish","hentry"],"_links":{"self":[{"href":"https:\/\/www.inspir.be\/index.php?rest_route=\/wp\/v2\/pages\/2","targetHints":{"allow":["GET"]}}],"collection":[{"href":"https:\/\/www.inspir.be\/index.php?rest_route=\/wp\/v2\/pages"}],"about":[{"href":"https:\/\/www.inspir.be\/index.php?rest_route=\/wp\/v2\/types\/page"}],"author":[{"embeddable":true,"href":"https:\/\/www.inspir.be\/index.php?rest_route=\/wp\/v2\/users\/1"}],"replies":[{"embeddable":true,"href":"https:\/\/www.inspir.be\/index.php?rest_route=%2Fwp%2Fv2%2Fcomments&post=2"}],"version-history":[{"count":197,"href":"https:\/\/www.inspir.be\/index.php?rest_route=\/wp\/v2\/pages\/2\/revisions"}],"predecessor-version":[{"id":3069,"href":"https:\/\/www.inspir.be\/index.php?rest_route=\/wp\/v2\/pages\/2\/revisions\/3069"}],"wp:attachment":[{"href":"https:\/\/www.inspir.be\/index.php?rest_route=%2Fwp%2Fv2%2Fmedia&parent=2"}],"curies":[{"name":"wp","href":"https:\/\/api.w.org\/{rel}","templated":true}]}}