{"id":1836,"date":"2013-08-24T23:08:16","date_gmt":"2013-08-24T21:08:16","guid":{"rendered":"http:\/\/www.inspir.be\/?page_id=1836"},"modified":"2016-05-13T17:57:41","modified_gmt":"2016-05-13T15:57:41","slug":"guide-pratique-desert","status":"publish","type":"page","link":"https:\/\/www.inspir.be\/?page_id=1836","title":{"rendered":"Guide pratique voyage d\u00e9sert"},"content":{"rendered":"<p>&nbsp;<\/p>\n<p><a title=\"Guide pratique d\u00e9sert\" href=\"http:\/\/inspir.be\/WordPress3\/wp-content\/uploads\/2013\/08\/desertguideweb.pdf\" target=\"_blank\"><img loading=\"lazy\" decoding=\"async\" class=\"size-medium wp-image-1838 alignleft\" src=\"http:\/\/inspir.be\/WordPress3\/wp-content\/uploads\/2013\/08\/Guide-du-d\u00e9sert-215x300.jpg\" alt=\"Guide du d\u00e9sert\" width=\"215\" height=\"300\" srcset=\"http:\/\/inspir.be\/WordPress3\/wp-content\/uploads\/2013\/08\/Guide-du-d\u00e9sert-215x300.jpg 215w, http:\/\/inspir.be\/WordPress3\/wp-content\/uploads\/2013\/08\/Guide-du-d\u00e9sert.jpg 352w\" sizes=\"auto, (max-width: 215px) 100vw, 215px\" \/><\/a><span style=\"text-decoration: underline;\"><span style=\"font-family: book antiqua,palatino; font-size: 18px;\">Tourisme et D\u00e9serts<\/span><\/span><\/p>\n<p style=\"text-align: left;\"><span style=\"font-family: book antiqua,palatino; font-size: 16px;\">Nos stages dans le d\u00e9sert, tiennent compte des recommandations publi\u00e9es dans le \u00ab\u00a0Guide pratique pour g\u00e9rer les impacts environnementaux et sociaux du tourisme dans les d\u00e9serts\u00a0\u00bb.<\/span><\/p>\n<p style=\"text-align: left;\"><span style=\"font-family: book antiqua,palatino; font-size: 16px;\">Ce Guide de bonnes pratiques est \u00e9dit\u00e9 par les Nations Unies.<\/span><\/p>\n<p style=\"text-align: left;\"><span style=\"font-family: book antiqua,palatino; font-size: 16px;\">Pour t\u00e9l\u00e9charger le guide au format pdf, cliquer sur l&rsquo;image ci-contre.<\/span><\/p>\n","protected":false},"excerpt":{"rendered":"<p>&nbsp; Tourisme et D\u00e9serts Nos stages dans le d\u00e9sert, tiennent compte des recommandations publi\u00e9es dans le \u00ab\u00a0Guide pratique pour g\u00e9rer les impacts environnementaux et sociaux du tourisme dans les d\u00e9serts\u00a0\u00bb. Ce Guide de bonnes pratiques est \u00e9dit\u00e9 par les Nations Unies. Pour t\u00e9l\u00e9charger le guide au format pdf, cliquer sur l&rsquo;image ci-contre.<\/p>\n","protected":false},"author":1,"featured_media":0,"parent":1735,"menu_order":60,"comment_status":"closed","ping_status":"closed","template":"","meta":{"footnotes":""},"class_list":["post-1836","page","type-page","status-publish","hentry"],"_links":{"self":[{"href":"https:\/\/www.inspir.be\/index.php?rest_route=\/wp\/v2\/pages\/1836","targetHints":{"allow":["GET"]}}],"collection":[{"href":"https:\/\/www.inspir.be\/index.php?rest_route=\/wp\/v2\/pages"}],"about":[{"href":"https:\/\/www.inspir.be\/index.php?rest_route=\/wp\/v2\/types\/page"}],"author":[{"embeddable":true,"href":"https:\/\/www.inspir.be\/index.php?rest_route=\/wp\/v2\/users\/1"}],"replies":[{"embeddable":true,"href":"https:\/\/www.inspir.be\/index.php?rest_route=%2Fwp%2Fv2%2Fcomments&post=1836"}],"version-history":[{"count":9,"href":"https:\/\/www.inspir.be\/index.php?rest_route=\/wp\/v2\/pages\/1836\/revisions"}],"predecessor-version":[{"id":2834,"href":"https:\/\/www.inspir.be\/index.php?rest_route=\/wp\/v2\/pages\/1836\/revisions\/2834"}],"up":[{"embeddable":true,"href":"https:\/\/www.inspir.be\/index.php?rest_route=\/wp\/v2\/pages\/1735"}],"wp:attachment":[{"href":"https:\/\/www.inspir.be\/index.php?rest_route=%2Fwp%2Fv2%2Fmedia&parent=1836"}],"curies":[{"name":"wp","href":"https:\/\/api.w.org\/{rel}","templated":true}]}}