{"id":1357,"date":"2012-08-16T22:44:02","date_gmt":"2012-08-16T20:44:02","guid":{"rendered":"http:\/\/www.inspir.be\/?page_id=1357"},"modified":"2013-05-12T13:29:35","modified_gmt":"2013-05-12T11:29:35","slug":"temoignages","status":"publish","type":"page","link":"https:\/\/www.inspir.be\/?page_id=1357","title":{"rendered":"Stage dans le Sahara en Mauritanie (mars 2006)"},"content":{"rendered":"<p><strong>Oui, le d\u00e9sert est venu vers nous.<\/strong><\/p>\n<p><strong><br \/>\n<\/strong>Merci Charles et Chantal de nous l\u2019avoir propos\u00e9 alors que le mat\u00e9riel et le quotidien devenaient pour nous bien envahissants.<br \/>\nHuit jours d\u2019\u00e9vasion pour vivre la semaine du 12 au 19 mars 2006 en Mauritanie.<a href=\"http:\/\/inspir.be\/WordPress3\/wp-content\/uploads\/2012\/08\/IMG_1352.jpg\"><img loading=\"lazy\" decoding=\"async\" class=\"alignright size-medium wp-image-1358\" title=\"d\u00e9sert Mauritanie www.inspir.be\" alt=\"\" src=\"http:\/\/inspir.be\/WordPress3\/wp-content\/uploads\/2012\/08\/IMG_1352-300x225.jpg\" width=\"300\" height=\"225\" srcset=\"http:\/\/inspir.be\/WordPress3\/wp-content\/uploads\/2012\/08\/IMG_1352-300x225.jpg 300w, http:\/\/inspir.be\/WordPress3\/wp-content\/uploads\/2012\/08\/IMG_1352.jpg 1024w\" sizes=\"auto, (max-width: 300px) 100vw, 300px\" \/><\/a><br \/>\nCe fut pour notre couple une exp\u00e9rience tellement nouvelle que nous la prot\u00e9geons farouchement le plus longtemps possible .<br \/>\nQuand au retour il n\u2019est pas le m\u00eame pour l\u2019un et l\u2019autre mais ce qui est g\u00e9nial c\u2019est que nous avons goutt\u00e9 au m\u00eame dessert .<br \/>\nA pied sur le sable blond et soyeux , je franchis les portes du d\u00e9sert et je marche en silence dans la lumi\u00e8re et le vent.<br \/>\nAvec l\u2019immensit\u00e9 des dunes rondes devant les yeux, mon \u00e2me se retrouve en paix et les heures du jour et de la nuit s\u2019\u00e9grainent tout doucement et tr\u00e8s lentement.<br \/>\nDans un accueil sinc\u00e8re, nos rencontres mutuelles sont nourries par l\u2019\u00e9coute, le partage, les pleurs, les sourires, les rires, les chants, les voix.<br \/>\nBravo \u00e0 nous tous d\u2019avoir pu livrer ainsi des parts d\u2019ombre si enfouies en chacun et le tout sans jugement et sans d\u00e9tour.<br \/>\nBeaucoup de chaleur, d\u2019amiti\u00e9, d\u2019amour, d\u2019\u00e9nergie pour effacer toute cette fatigue morale que j\u2019ai pu volontairement abandonner parmi ces milliers de grains de sable reposant sous la vo\u00fbte c\u00e9leste .<br \/>\nLa joie de reprendre contact avec l\u2019enfant souriant au fond de moi\u00a0 et comme j\u2019ai envie de l\u2019embrasser et de lui dire que je l\u2019aime.<br \/>\nC\u2019est la renaissance certaine au sein des dunes. Je comprends l\u2019importance de mon travail int\u00e9rieur et je l\u2019accomplis.<br \/>\nTout cela avec la pr\u00e9sence efficace et joyeuse de notre guide et de son \u00e9quipe inlassablement aux petits soins de nos corps assoiff\u00e9s et affam\u00e9s .<\/p>\n<p><strong>Quel bonheur, Quelle paix.<\/strong><\/p>\n<p>Merci Charles, Merci Dimitri\u00a0 merveilleux accompagnateurs\u00a0 de ce petit bout de chemin de vie.<\/p>\n<p>Marie France le 7 avril 2006<\/p>\n","protected":false},"excerpt":{"rendered":"<p>Oui, le d\u00e9sert est venu vers nous. Merci Charles et Chantal de nous l\u2019avoir propos\u00e9 alors que le mat\u00e9riel et le quotidien devenaient pour nous bien envahissants. Huit jours d\u2019\u00e9vasion pour vivre la semaine du 12 au 19 mars 2006 en Mauritanie. Ce fut pour notre couple une exp\u00e9rience tellement nouvelle que nous la prot\u00e9geons &hellip; <a href=\"https:\/\/www.inspir.be\/?page_id=1357\" class=\"more-link\">Continuer la lecture de <span class=\"screen-reader-text\">Stage dans le Sahara en Mauritanie (mars 2006)<\/span>  <span class=\"meta-nav\">&rarr;<\/span><\/a><\/p>\n","protected":false},"author":1,"featured_media":0,"parent":1363,"menu_order":1000,"comment_status":"closed","ping_status":"closed","template":"","meta":{"footnotes":""},"class_list":["post-1357","page","type-page","status-publish","hentry"],"_links":{"self":[{"href":"https:\/\/www.inspir.be\/index.php?rest_route=\/wp\/v2\/pages\/1357","targetHints":{"allow":["GET"]}}],"collection":[{"href":"https:\/\/www.inspir.be\/index.php?rest_route=\/wp\/v2\/pages"}],"about":[{"href":"https:\/\/www.inspir.be\/index.php?rest_route=\/wp\/v2\/types\/page"}],"author":[{"embeddable":true,"href":"https:\/\/www.inspir.be\/index.php?rest_route=\/wp\/v2\/users\/1"}],"replies":[{"embeddable":true,"href":"https:\/\/www.inspir.be\/index.php?rest_route=%2Fwp%2Fv2%2Fcomments&post=1357"}],"version-history":[{"count":10,"href":"https:\/\/www.inspir.be\/index.php?rest_route=\/wp\/v2\/pages\/1357\/revisions"}],"predecessor-version":[{"id":1369,"href":"https:\/\/www.inspir.be\/index.php?rest_route=\/wp\/v2\/pages\/1357\/revisions\/1369"}],"up":[{"embeddable":true,"href":"https:\/\/www.inspir.be\/index.php?rest_route=\/wp\/v2\/pages\/1363"}],"wp:attachment":[{"href":"https:\/\/www.inspir.be\/index.php?rest_route=%2Fwp%2Fv2%2Fmedia&parent=1357"}],"curies":[{"name":"wp","href":"https:\/\/api.w.org\/{rel}","templated":true}]}}