{"id":62,"date":"2011-12-25T23:19:58","date_gmt":"2011-12-25T22:19:58","guid":{"rendered":"http:\/\/inspir.be\/WordPress3\/?page_id=62"},"modified":"2016-05-13T17:53:48","modified_gmt":"2016-05-13T15:53:48","slug":"astuces-deserts","status":"publish","type":"page","link":"http:\/\/www.inspir.be\/?page_id=62","title":{"rendered":"Astuces voyage d\u00e9sert"},"content":{"rendered":"<p><span style=\"text-decoration: underline;\"><strong><span style=\"color: #993300; text-decoration: underline;\"><span style=\"font-family: comic sans ms,sans-serif; font-size: 14pt;\">Voici quelques conseils pour le voyage dans le d\u00e9sert:<\/span><span id=\"transmark\"><\/span><\/span><\/strong><\/span><\/p>\n<p>Egarement<br \/>\n<span style=\"color: #993300;\"> Tant en randonn\u00e9e qu\u2019au campement, les risques sont r\u00e9els. Si vous vous perdez, pas de panique\u2026 jusqu\u2019\u00e0 pr\u00e9sent, les nomades ont toujours retrouv\u00e9 nos participants un peu trop aventuriers\u00a0! Si vous avez le sentiment d\u2019\u00eatre perdu(e), c\u2019est trop tard\u2026 vous \u00eates d\u00e9j\u00e0 vraiment perdu(e)\u00a0! Donc n\u2019insistez pas dans votre recherche.<\/span><br \/>\n<span style=\"color: #993300;\"> Si cela vous arrive, installez-vous au sommet de la plus haute dune&#8230; et attendez\u00a0!!!<\/span><br \/>\n<span style=\"color: #993300;\"> \u00b7\u00a0\u00a0\u00a0\u00a0\u00a0\u00a0\u00a0\u00a0<\/span> <strong><span style=\"color: #993300;\">En rando<\/span><\/strong><span style=\"color: #993300;\">, se m\u00e9fier des traces qui parfois n\u2019appartiennent pas au groupe. Si un vent de sable se l\u00e8ve, il est imp\u00e9ratif de rester group\u00e9s.<\/span><br \/>\n<span style=\"color: #993300;\"> \u00b7\u00a0\u00a0\u00a0\u00a0\u00a0\u00a0\u00a0\u00a0<\/span><strong> <span style=\"color: #993300;\">Au campement<\/span><\/strong><span style=\"color: #993300;\">, les risques d\u2019\u00e9garement existent aussi r\u00e9ellement car au fil des jours, on prend des rep\u00e8res et l\u2019on devient de plus en plus t\u00e9m\u00e9raire jusqu\u2019\u00e0 se perdre \u00ab\u00a0pour de vrai\u00a0\u00bb\u00a0!<\/span><\/p>\n<p><span style=\"text-decoration: underline;\"><strong><span style=\"color: #993300; text-decoration: underline;\">Boire, boire, boire&#8230;<\/span><\/strong><\/span><br \/>\n<span style=\"color: #993300;\"> Voici les demandes hydriques pour diff\u00e9rents temps de marche.<\/span><\/p>\n<div><span style=\"color: #993300;\"><a href=\"https:\/\/sites.google.com\/site\/desertdelumiere\/accueil\/Home\/astuces-desert\/boire.jpg?attredirects=0\"><span style=\"color: #993300;\"><img loading=\"lazy\" decoding=\"async\" class=\"alignright\" style=\"border: 0px none;\" title=\"boire\" src=\"https:\/\/sites.google.com\/site\/desertdelumiere\/_\/rsrc\/1318592540921\/accueil\/Home\/astuces-desert\/boire.jpg?height=315&amp;width=420\" alt=\"\" width=\"215\" height=\"162\" border=\"0\" \/><\/span><\/a><\/span><\/div>\n<ul>\n<li><span style=\"color: #993300;\">Environ 4 heures de marche :\u00a0 environ 2,5 litres\/jour.<\/span><\/li>\n<li><span style=\"color: #993300;\">5 \u00e0 6 heures de marches : de l\u2019ordre de 3 \u00e0 4 litres\/jour.<\/span><\/li>\n<li><span style=\"color: #993300;\">Plus de 6 heures de marche : de l\u2019ordre de 4 \u00e0 5 litres\/jour.<\/span><\/li>\n<\/ul>\n<p><span style=\"text-decoration: underline;\"><strong><span style=\"color: #993300; text-decoration: underline;\"> Chameaux<\/span><\/strong><\/span><\/p>\n<p><span style=\"color: #993300;\">Ne pas marcher juste derri\u00e8re un chameau. Il peut parfois ruer comme un cheval, donner un coup de t\u00eate, mordre parfois (rarissime mais mieux vaut l\u2019\u00e9viter\u00a0!) si on lui donne quelque chose \u00e0 manger. En p\u00e9riode de rut (d\u00e9cembre \u00e0 f\u00e9vrier), le chameau est assez nerveux. Inutile de vouloir trop l\u2019approcher.<\/span><span style=\"color: #993300;\"><a href=\"https:\/\/sites.google.com\/site\/desertdelumiere\/accueil\/Home\/astuces-desert\/105.JPG?attredirects=0\"><span style=\"color: #993300;\"><img loading=\"lazy\" decoding=\"async\" class=\"alignright\" style=\"border: 0pt none;\" src=\"https:\/\/sites.google.com\/site\/desertdelumiere\/_\/rsrc\/1318592540921\/accueil\/Home\/astuces-desert\/105.JPG?height=420&amp;width=280\" alt=\"\" width=\"179\" height=\"269\" border=\"0\" \/><\/span><\/a><\/span><\/p>\n<p><span style=\"text-decoration: underline;\"><strong><span style=\"color: #993300; text-decoration: underline;\">Le ch\u00e8che<\/span><\/strong><\/span><br \/>\n<span style=\"color: #993300;\"> est id\u00e9al et indispensable pour se prot\u00e9ger du soleil et du vent de sable.<\/span><br \/>\n<span style=\"color: #993300;\"> Il est g\u00e9n\u00e9ralement ais\u00e9 de s\u2019en procurer un d\u00e8s la sortie de l\u2019a\u00e9roport.<\/span><br \/>\n<span style=\"color: #993300;\"> Cuisiniers, chameliers\u2026 se feront un plaisir de vous apprendre \u00e0 le mettre de diff\u00e9rentes fa\u00e7ons ; pour cela, il faut le choisir assez long.<br \/>\n<\/span><span style=\"color: #993300;\">Une casquette ou tout autre couvre chef fera aussi tr\u00e8s bien <\/span><span style=\"color: #993300;\">l&rsquo;affaire<\/span><\/p>\n<p><strong><span style=\"text-decoration: underline;\"><span style=\"color: #993300; text-decoration: underline;\">Des chemises l\u00e9g\u00e8res <\/span><\/span><\/strong><span style=\"color: #993300;\">\u00e0 m<\/span><span style=\"color: #993300;\">anches longues remplacent avantageusement les T-shirts en coton en laissant circuler l\u2019air entre le tissu et votre peau.<\/span><\/p>\n<p><span style=\"color: #993300;\">En g\u00e9n\u00e9ral, les nuits sont relativement fra\u00eeches, et les amplitudes thermiques entre le jour et la nuit accentuent la sensation de froid. Un bon duvet est alors indispensable \u2014 il est \u00e9videmment plus facile d\u2019ouvrir son duvet et de l\u2019utiliser comme une couette si l\u2019on a trop chaud, alors qu\u2019il est quasi impossible de se r\u00e9chauffer et de passer une bonne nuit dans un duvet trop juste. Une doudoune, un bonnet et m\u00eame des gants sont souvent utiles pour les soir\u00e9es.<\/span><\/p>\n<p><span style=\"color: #993300;\">L\u2019entretien des fermetures Eclair (sac, v\u00eatement, tente\u2026) se fait simplement avec une vieille brosse \u00e0 dents pour enlever poussi\u00e8res et grains de sable. Passez ensuite de la <\/span><span style=\"color: #993300;\">paraffine pour les lubrifier.<\/span><\/p>\n<p><strong><span style=\"text-decoration: underline;\"><span style=\"color: #993300; text-decoration: underline;\">Les petits objets qui f<\/span><span style=\"color: #993300; text-decoration: underline;\">acilitent la vie<\/span><\/span><\/strong><span style=\"color: #993300;\"> pendant un trek dans le d\u00e9sert<\/span><br \/>\n<span style=\"color: #993300;\"> \u2013 un chargeur solaire de batterie (appareil photo num\u00e9rique, MP3, t\u00e9l\u00e9phone portable),<\/span><br \/>\n<span style=\"color: #993300;\"> \u2013 une deuxi\u00e8me gourde pour laisser le temps aux pastilles de purification de l\u2019eau d\u2019agir sans se priver de boire,<\/span><br \/>\n<span style=\"color: #993300;\"> \u2013 un briquet pour br\u00fbler le papier toilette,<\/span><br \/>\n<span style=\"color: #993300;\"> \u2013 une taie d\u2019oreiller que l\u2019on remplit avec sa veste polaire.<\/span><\/p>\n<p><strong><span style=\"text-decoration: underline;\"><span style=\"color: #993300; text-decoration: underline;\">Choisir ses chaussettes<\/span><\/span><\/strong><br \/>\n<span style=\"color: #993300;\"> \u2014 Utilisez des chaussettes mi-bas pas trop fines, en coton si vous transpirez, ou en mati\u00e8re synth\u00e9tique.<\/span><br \/>\n<span style=\"color: #993300;\"> \u2014 Ne remettez pas des chaussettes tr\u00e8s sales ou humides pour une nouvelle journ\u00e9e de marche : c\u2019est la meilleure mani\u00e8re de provoquer les ampoules<\/span><br \/>\n<span style=\"color: #993300;\"> \u2014 Evitez les chaussettes anti-ampoules : elles se percent tr\u00e8s vite, et leur efficacit\u00e9 est moins concluante qu\u2019une bonne paire de chaussettes propres.<\/span><\/p>\n","protected":false},"excerpt":{"rendered":"<p>Voici quelques conseils pour le voyage dans le d\u00e9sert: Egarement Tant en randonn\u00e9e qu\u2019au campement, les risques sont r\u00e9els. Si vous vous perdez, pas de panique\u2026 jusqu\u2019\u00e0 pr\u00e9sent, les nomades ont toujours retrouv\u00e9 nos participants un peu trop aventuriers\u00a0! Si vous avez le sentiment d\u2019\u00eatre perdu(e), c\u2019est trop tard\u2026 vous \u00eates d\u00e9j\u00e0 vraiment perdu(e)\u00a0! Donc &hellip; <a href=\"http:\/\/www.inspir.be\/?page_id=62\" class=\"more-link\">Continuer la lecture de <span class=\"screen-reader-text\">Astuces voyage d\u00e9sert<\/span>  <span class=\"meta-nav\">&rarr;<\/span><\/a><\/p>\n","protected":false},"author":1,"featured_media":0,"parent":1735,"menu_order":30,"comment_status":"closed","ping_status":"closed","template":"","meta":{"footnotes":""},"class_list":["post-62","page","type-page","status-publish","hentry"],"_links":{"self":[{"href":"http:\/\/www.inspir.be\/index.php?rest_route=\/wp\/v2\/pages\/62","targetHints":{"allow":["GET"]}}],"collection":[{"href":"http:\/\/www.inspir.be\/index.php?rest_route=\/wp\/v2\/pages"}],"about":[{"href":"http:\/\/www.inspir.be\/index.php?rest_route=\/wp\/v2\/types\/page"}],"author":[{"embeddable":true,"href":"http:\/\/www.inspir.be\/index.php?rest_route=\/wp\/v2\/users\/1"}],"replies":[{"embeddable":true,"href":"http:\/\/www.inspir.be\/index.php?rest_route=%2Fwp%2Fv2%2Fcomments&post=62"}],"version-history":[{"count":18,"href":"http:\/\/www.inspir.be\/index.php?rest_route=\/wp\/v2\/pages\/62\/revisions"}],"predecessor-version":[{"id":2836,"href":"http:\/\/www.inspir.be\/index.php?rest_route=\/wp\/v2\/pages\/62\/revisions\/2836"}],"up":[{"embeddable":true,"href":"http:\/\/www.inspir.be\/index.php?rest_route=\/wp\/v2\/pages\/1735"}],"wp:attachment":[{"href":"http:\/\/www.inspir.be\/index.php?rest_route=%2Fwp%2Fv2%2Fmedia&parent=62"}],"curies":[{"name":"wp","href":"https:\/\/api.w.org\/{rel}","templated":true}]}}