{"id":283,"date":"2012-01-17T19:28:18","date_gmt":"2012-01-17T18:28:18","guid":{"rendered":"http:\/\/www.inspir.be\/?page_id=283"},"modified":"2013-12-06T17:19:51","modified_gmt":"2013-12-06T16:19:51","slug":"questionreponses-faq","status":"publish","type":"page","link":"http:\/\/www.inspir.be\/?page_id=283","title":{"rendered":"Questions\/R\u00e9ponses"},"content":{"rendered":"<h1><span style=\"text-decoration: underline; font-family: arial,helvetica,sans-serif; color: #993300;\"><span style=\"text-decoration: underline;\">Voyage d\u00e9sert<\/span><\/span><\/h1>\n<p><span style=\"font-family: arial,helvetica,sans-serif; font-size: 18px; color: #993300;\"><em><strong>\u00a01. La forme physique?<\/strong><\/em><br \/>\nLes randonn\u00e9es propos\u00e9es sont accessibles \u00e0 tout marcheur, m\u00eame peu entrain\u00e9, \u00e0 condition d&rsquo;\u00eatre en bonne sant\u00e9 et motiv\u00e9.<\/span><\/p>\n<p><span style=\"font-family: arial,helvetica,sans-serif; font-size: 18px; color: #993300;\"><em><strong>2. Le port des bagages?<\/strong><\/em><br \/>\nFid\u00e8les compagnons de notre voyage, ce sont les chameaux qui transportent nos bagages, l&rsquo;eau, la nourriture et tout le mat\u00e9riel de campement.<br \/>\nNous transporterons juste un petit sac avec notre provision d&rsquo;eau, cr\u00e8me solaire, lunettes de soleil, biscuits, appareil photo, &#8230;<\/span><\/p>\n<p><span style=\"font-family: arial,helvetica,sans-serif; font-size: 18px;\"><span style=\"color: #993300;\"><strong><em>3. La chaleur?<\/em><\/strong><\/span><span style=\"color: #993300;\"><a href=\"http:\/\/inspir.be\/WordPress3\/wp-content\/uploads\/2012\/01\/390.jpg\"><img loading=\"lazy\" decoding=\"async\" class=\"alignright  wp-image-304\" title=\"voyage desert \" src=\"http:\/\/inspir.be\/WordPress3\/wp-content\/uploads\/2012\/01\/390-200x300.jpg\" alt=\"\" width=\"200\" height=\"300\" srcset=\"http:\/\/inspir.be\/WordPress3\/wp-content\/uploads\/2012\/01\/390-200x300.jpg 200w, http:\/\/inspir.be\/WordPress3\/wp-content\/uploads\/2012\/01\/390-682x1024.jpg 682w\" sizes=\"auto, (max-width: 200px) 100vw, 200px\" \/><\/a><\/span><span style=\"color: #993300;\"><strong><em><\/em><\/strong><br \/>\nNos voyages dans le d\u00e9sert sont organis\u00e9s en automne et en hiver. La <\/span><span style=\"color: #993300;\">temp\u00e9rature pendant la journ\u00e9e d\u00e9passe rarement les 30\u00b0\/35\u00b0. Le soleil n&rsquo;en est pas moins tr\u00e8s agressif. Il est imp\u00e9ratif de se prot\u00e9ger avec une bonne cr\u00e8me<\/span><span style=\"color: #993300;\"> solaire, des v\u00eatements adapt\u00e9s, des lunettes de soleil et imp\u00e9rativement un couvre chef!!<br \/>\nPar contre les nuits sont plus fra\u00eeches (environ 10\u00b0 en Mauritanie et dans le sud \u00e9gyptien, parfois sous 0\u00b0 en Tunisie!!!)<br \/>\n<\/span><\/span><\/p>\n<p><span style=\"font-family: arial,helvetica,sans-serif; font-size: 18px;\"><strong><span style=\"color: #993300;\"><em>4. Et&#8230; les petites b\u00eates&#8230;?<\/em><\/span><\/strong><span style=\"text-decoration: underline; color: #993300;\"><strong><em><br \/>\n<\/em><\/strong>Scorpions<\/span><\/span><br \/>\n<span style=\"color: #993300; font-size: 18px; font-family: arial,helvetica,sans-serif;\"> <strong><\/strong> Aux p\u00e9riodes o\u00f9 nous organisons nos circuits et en respectant des consignes \u00e9l\u00e9mentaires de bon sens, il y a peu de risque de les rencontrer.<\/span><br \/>\n<span style=\"font-family: arial,helvetica,sans-serif; font-size: 18px;\"> <span style=\"color: #993300;\"> Les scorpions recherchent les endroits \u00e0 l\u2019abri\u00a0: ils se nichent facilement en dessous des sacs, des matelas, des toiles de tente, des couvertures, le soir autour du feu.<strong><br \/>\nNe pas marcher pieds nus, m\u00eame si les chameliers le font et m\u00eame s\u2019ils vous disent qu\u2019il n\u2019y a aucun scorpion ni serpent\u00a0!<\/strong>Toujours tenir les sacs ferm\u00e9s quand on est au bivouac et le matin, secouer chaussures, pantalons et autres v\u00eatements avant de s\u2019habiller (l\u2019id\u00e9al est de les mettre la nuit dans les sacs ferm\u00e9s). Pas de nourriture sous la tente\u00a0: quelques miettes suffisent \u00e0 attirer une multitude d\u2019insectes, souris ou autres.Attention aux cailloux, buissons. \u00catre vigilant en particulier en ramassant du bois mort ou en soulevant des pierres : ce sont les rep\u00e8res habituels des serpents et scorpions.<br \/>\n<\/span><span style=\"text-decoration: underline; color: #993300;\">Serpents<\/span><\/span><br \/>\n<span style=\"font-size: 18px; font-family: arial,helvetica,sans-serif;\"> <span style=\"color: #993300;\">Les serpents s\u2019\u00e9loignent en g\u00e9n\u00e9ral \u00e0 notre approche ! Si vous voyez un serpent, ne pas s\u2019en approcher\u00a0(ne serait-ce que pour le photographier\u00a0!) <\/span><\/span><\/p>\n<p><span style=\"font-family: arial,helvetica,sans-serif; font-size: 18px; color: #993300;\"><strong><em><span style=\"color: #993300;\">5. \u00c9garement?<br \/>\n<\/span><\/em><\/strong>Tant en randonn\u00e9e qu\u2019au campement, les risques sont r\u00e9els. Si vous vous perdez, pas de panique\u2026 jusqu\u2019\u00e0 pr\u00e9sent, les nomades ont toujours retrouv\u00e9 nos participants un peu trop aventuriers\u00a0! Si vous avez le sentiment d\u2019\u00eatre perdu(e), c\u2019est trop tard\u2026 vous \u00eates d\u00e9j\u00e0 vraiment perdu(e)\u00a0! Donc n\u2019insistez pas dans votre recherche.<br \/>\nSi cela vous arrive, installez-vous au sommet de la plus haute dune&#8230; et attendez\u00a0!!!<\/span><\/p>\n<p><span style=\"font-size: large; font-family: arial,helvetica,sans-serif; color: #993300;\"><br style=\"color: #993300;\" \/> <\/span><\/p>\n<h1><span style=\"text-decoration: underline; font-family: arial,helvetica,sans-serif; color: #333399;\"><span style=\"text-decoration: underline;\">Voyage dauphins en Mer rouge<br \/>\n<\/span><\/span><\/h1>\n<p><span style=\"font-size: 18px; color: #333399; font-family: arial,helvetica,sans-serif;\"><strong><em>1. Le mal de mer?<\/em><\/strong><strong><em><br \/>\n<\/em><\/strong>Ce n&rsquo;est que pendant la travers\u00e9e de la marina de Hamata \u00e0 la baie des dauphins (environ 2H) que la mer peut \u00eatre un peu houleuse. Une petite aide hom\u00e9opathique pour le mal des transports et le tour est jou\u00e9.<\/span><br \/>\n<span style=\"font-family: arial,helvetica,sans-serif; font-size: 18px; color: #333399;\">Arriv\u00e9 \u00e0 destination, le r\u00e9cif corallien de la baie, en forme de croissant, prot\u00e9gera le bateau qui lui m\u00eame est solidement amarr\u00e9 avec 8 ancres bien solides. Seul un doux bercement vous accompagnera pendant votre s\u00e9jour.<a href=\"http:\/\/inspir.be\/WordPress3\/wp-content\/uploads\/2012\/01\/bateau.png\"><img loading=\"lazy\" decoding=\"async\" class=\"alignright  wp-image-289\" title=\"bateau\" src=\"http:\/\/inspir.be\/WordPress3\/wp-content\/uploads\/2012\/01\/bateau-300x215.png\" alt=\"\" width=\"300\" height=\"215\" \/><\/a><\/span><\/p>\n<p><span style=\"font-family: arial,helvetica,sans-serif; font-size: 18px; color: #333399;\">\u00a0<em><strong>2. L&rsquo;espace sur le bateau?<br \/>\n<\/strong><\/em>De nombreuses personnes se <\/span><span style=\"font-family: arial,helvetica,sans-serif; font-size: 18px; color: #333399;\">demandent s&rsquo;il n&rsquo;est pas trop difficile de <\/span><span style=\"font-family: arial,helvetica,sans-serif; font-size: 18px; color: #333399;\">rester toute une semaine sur un espace limit\u00e9 tel qu&rsquo;un bateau.<br \/>\nLes 4 \u00e9tages du bateau et la mer \u00e0 perte de vue nous invitent \u00e0 go\u00fbter l&rsquo;infini.<br \/>\nVous pouvez \u00e0 tout moment \u00eatre \u00ab\u00a0dedans\u00a0\u00bb ou \u00ab\u00a0dehors\u00a0\u00bb,<br \/>\navec le groupe ou avec vous-m\u00eame,<br \/>\nC&rsquo;est \u00e0 vous de choisir&#8230;<\/span><\/p>\n<p><span style=\"font-family: arial,helvetica,sans-serif; font-size: 18px; color: #333399;\">\u00a0<strong><em>3. La nourriture ?<br \/>\n<\/em><\/strong>Tous les repas sont pr\u00e9sent\u00e9s sous forme de buffet tr\u00e8s copieux. Le cuisinier propose une vari\u00e9t\u00e9 de menus diversifi\u00e9s et combine \u00e0 merveille diff\u00e9rents styles de cuisines. F\u00eates des papilles garanties.<\/span><\/p>\n<p><span style=\"font-family: arial,helvetica,sans-serif; font-size: 18px; color: #333399;\"><em><strong>4. Et la terre ?<br \/>\n<\/strong><\/em>\u00a0Certaines personnes ont peur de se retrouver en pleine mer. Oui nous sommes en pleine mer mais dans un magnifique lagon et \u00e0 l&rsquo;abri des vagues. Il y a m\u00eame un endroit o\u00f9 nous avons pied!!! Et pour en rassurer certains, nous voyons au loin la c\u00f4te avec ces majestueuses montagnes en relief sur lesquelles le soleil nous offre de somptueux couchers aux couleurs rouges orang\u00e9es.<\/span><\/p>\n<p><span style=\"font-family: arial,helvetica,sans-serif; font-size: 18px; color: #333399;\">\u00a0<em><strong>5. Dans la valise ?<br \/>\n<\/strong><\/em>\u00a0Il n&rsquo;est nul besoin de se surcharger. Nous passons le plus clair de notre temps en maillot, short et par\u00e9o. Pieds nus du d\u00e9but \u00e0 la fin! Juste pr\u00e9voir quelques v\u00eatements confortables, un pull l\u00e9ger pour le soir, une serviette de plage, palmes, masque et tuba bien s\u00fbr!, des cr\u00e8mes solaires les plus naturelles possible pour pr\u00e9server l&rsquo;environnement, des lunettes, un chapeau pour la t\u00eate, un bandeau pour les cheveux. Pr\u00e9voir une lampe de poche et un sac de couchage est conseill\u00e9 pour ceux qui veulent dormir sous les \u00e9toiles.<\/span><\/p>\n<p><span style=\"font-family: arial,helvetica,sans-serif; font-size: 18px; color: #333399;\">\u00a0<em><strong>6. R\u00e9seau et adaptateur?<br \/>\n<\/strong><\/em>\u00a0Au port nous avons du r\u00e9seau, dans la baie, le r\u00e9seau se fait plus rare et plus faible mais n\u00e9anmoins accessible \u00e0 certains moments. Pas de connexion internet en plein mer.<\/span><br \/>\n<span style=\"font-family: arial,helvetica,sans-serif; font-size: 18px; color: #333399;\"> \u00a0Les prises \u00e0 bord conviennent \u00e0 tous nos appareils \u00e9lectriques, il faut juste penser \u00e0 prendre les chargeurs.<\/span><\/p>\n<p><span style=\"font-family: book antiqua,palatino; font-size: large; color: #333399;\"><span style=\"font-family: arial,helvetica,sans-serif; font-size: 18px;\">\u00a0<em><strong>7. Bon nageur ?<br \/>\n<\/strong><\/em>\u00a0Il ne faut absolument pas \u00eatre un nageur \u00e9m\u00e9rite pour venir vivre cette exp\u00e9rience. L&rsquo;eau tr\u00e8s sal\u00e9e de la mer Rouge vous portera sans le moindre effort. Il vous suffira de vous allonger sur le ventre, les bras le long du corps et palmer \u00e0 votre aise, l&rsquo;\u00e9nergie des dauphins et la magie du lieu feront le reste.<\/span><br \/>\n<\/span><\/p>\n","protected":false},"excerpt":{"rendered":"<p>Voyage d\u00e9sert \u00a01. La forme physique? Les randonn\u00e9es propos\u00e9es sont accessibles \u00e0 tout marcheur, m\u00eame peu entrain\u00e9, \u00e0 condition d&rsquo;\u00eatre en bonne sant\u00e9 et motiv\u00e9. 2. Le port des bagages? Fid\u00e8les compagnons de notre voyage, ce sont les chameaux qui transportent nos bagages, l&rsquo;eau, la nourriture et tout le mat\u00e9riel de campement. Nous transporterons juste &hellip; <a href=\"http:\/\/www.inspir.be\/?page_id=283\" class=\"more-link\">Continuer la lecture de <span class=\"screen-reader-text\">Questions\/R\u00e9ponses<\/span>  <span class=\"meta-nav\">&rarr;<\/span><\/a><\/p>\n","protected":false},"author":1,"featured_media":0,"parent":1735,"menu_order":100,"comment_status":"closed","ping_status":"closed","template":"","meta":{"footnotes":""},"class_list":["post-283","page","type-page","status-publish","hentry"],"_links":{"self":[{"href":"http:\/\/www.inspir.be\/index.php?rest_route=\/wp\/v2\/pages\/283","targetHints":{"allow":["GET"]}}],"collection":[{"href":"http:\/\/www.inspir.be\/index.php?rest_route=\/wp\/v2\/pages"}],"about":[{"href":"http:\/\/www.inspir.be\/index.php?rest_route=\/wp\/v2\/types\/page"}],"author":[{"embeddable":true,"href":"http:\/\/www.inspir.be\/index.php?rest_route=\/wp\/v2\/users\/1"}],"replies":[{"embeddable":true,"href":"http:\/\/www.inspir.be\/index.php?rest_route=%2Fwp%2Fv2%2Fcomments&post=283"}],"version-history":[{"count":45,"href":"http:\/\/www.inspir.be\/index.php?rest_route=\/wp\/v2\/pages\/283\/revisions"}],"predecessor-version":[{"id":2159,"href":"http:\/\/www.inspir.be\/index.php?rest_route=\/wp\/v2\/pages\/283\/revisions\/2159"}],"up":[{"embeddable":true,"href":"http:\/\/www.inspir.be\/index.php?rest_route=\/wp\/v2\/pages\/1735"}],"wp:attachment":[{"href":"http:\/\/www.inspir.be\/index.php?rest_route=%2Fwp%2Fv2%2Fmedia&parent=283"}],"curies":[{"name":"wp","href":"https:\/\/api.w.org\/{rel}","templated":true}]}}