{"id":1772,"date":"2013-08-16T17:45:53","date_gmt":"2013-08-16T15:45:53","guid":{"rendered":"http:\/\/www.inspir.be\/?page_id=1772"},"modified":"2016-09-15T13:16:28","modified_gmt":"2016-09-15T11:16:28","slug":"la-terre","status":"publish","type":"page","link":"http:\/\/www.inspir.be\/?page_id=1772","title":{"rendered":"PERMACULTURE"},"content":{"rendered":"<h2><span id=\"L.27.C3.A9thique_de_la_permaculture\" class=\"mw-headline\" style=\"font-family: book antiqua,palatino,serif; font-size: 14pt;\"><span style=\"text-decoration: underline;\"><strong><span style=\"font-size: 18pt;\">L&rsquo;\u00e9thique de la permaculture<\/span><\/strong><\/span><\/span><\/h2>\n<p><span style=\"font-family: book antiqua,palatino,serif; font-size: 14pt;\">La permaculture s&rsquo;appuie sur un ensemble de valeurs fondamentales qui gouvernent sa r\u00e9flexion et son action :<\/span><\/p>\n<ul>\n<li><span style=\"font-family: book antiqua,palatino,serif; font-size: 14pt;\">Prendre soin de la Nature (les sols, les for\u00eats, l\u2019eau et l&rsquo;air)<\/span><\/li>\n<li><span style=\"font-family: book antiqua,palatino,serif; font-size: 14pt;\">Prendre soin de l\u2019Humain (soi-m\u00eame, la communaut\u00e9 et les g\u00e9n\u00e9rations futures)<\/span><\/li>\n<li><span style=\"font-family: book antiqua,palatino,serif; font-size: 14pt;\">Cr\u00e9er l\u2019abondance et redistribuer les surplus.<\/span><\/li>\n<\/ul>\n<h1>Brachoua: comment des villageois sortent de la pr\u00e9carit\u00e9 gr\u00e2ce \u00e0 la permaculture<\/h1>\n<div class=\"meta\">\n<p><strong> Sabrina Belhouari (L\u2019Economiste) <\/strong><br \/>\nMis en ligne <time>vendredi 24 juin 2016, 14h57<img loading=\"lazy\" decoding=\"async\" class=\"irc_mi iYoZRGf0c_T0-pQOPx8XEepE alignright\" src=\"http:\/\/fr.weather-forecast.com\/place_maps\/ha\/Had-el-Brachoua.8.gif\" alt=\"R\u00e9sultat de recherche d'images pour &quot;brachoua&quot;\" width=\"505\" height=\"312\" \/><\/time><\/p>\n<\/div>\n<h3>Voulant sortir de la pr\u00e9carit\u00e9 et am\u00e9liorer leurs conditions de vie, les habitants de Brachoua au Maroc ont r\u00e9ussi, en seulement deux ann\u00e9es, \u00e0 devenir autosuffisants, \u00e0 faire de leur village une destination touristique rentable et surtout \u00e0 avoir une vision durable pour l\u2019avenir de leur communaut\u00e9.<\/h3>\n<div class=\"block-slidepic media\">\n<ul class=\"page-inner\">\n<li>\n<figure><a name=\"1248907\"><\/a><img loading=\"lazy\" decoding=\"async\" class=\"imagecache imagecache-475x317\" title=\" Les villageois ont \u00e9t\u00e9 initi\u00e9s au jardin potager. \u00a9 Association Ibn Albaytar. \" src=\"http:\/\/ls.rosselcdn.net\/sites\/default\/files\/imagecache\/475x317\/2016\/06\/24\/578419950_B979038232Z.1_20160624145702_000_GEL731BB6.1-0.jpg\" alt=\" Les villageois ont \u00e9t\u00e9 initi\u00e9s au jardin potager. \u00a9 Association Ibn Albaytar. \" width=\"475\" height=\"317\" \/><figcaption class=\"photo\">Les villageois ont \u00e9t\u00e9 initi\u00e9s au jardin potager. \u00a9 Association Ibn Albaytar.<\/figcaption><\/figure>\n<\/li>\n<\/ul>\n<\/div>\n<div class=\"article-body\">\n<p><span class=\"nglettrine\">A<\/span> 50 km de Rabat, le village de Brachoua a v\u00e9cu pendant longtemps sans eau courante, ni \u00e9lectricit\u00e9. La situation de pr\u00e9carit\u00e9 des 60 familles y vivant, rendue encore plus difficile par le peu de ressources \u00e9conomiques, a pouss\u00e9 les villageois \u00e0 se regrouper au sein de l\u2019association Agriculteur moderne et \u00e0 chercher des solutions qui marchent. Epaul\u00e9s par l\u2019Association Ibn Albaytar (AIA), ils se lancent dans l\u2019aventure fin 2013. <em>\u00ab\u00a0Lors de notre premier contact avec les membres de l\u2019ONG Agriculteur moderne, nous leur avons fait visiter une ferme biologique aux environs de Rabat. L\u2019id\u00e9e les a inspir\u00e9s et ils nous ont propos\u00e9 de dupliquer les m\u00eames sch\u00e9mas chez eux\u00a0\u00bb<\/em>, raconte Mohamed Chefchaouni, de l\u2019Association Ibn Albaytar (AIA).<\/p>\n<p>Les villageois, comme de v\u00e9ritables managers, visitent la ferme biologique, tentent de cerner et de comprendre les techniques et d\u00e9cident de d\u00e9velopper la permaculture pour assurer leur autosuffisance alimentaire. Cette activit\u00e9 allait par la m\u00eame occasion apporter au village une ressource \u00e9conomique suppl\u00e9mentaire face \u00e0 une demande grandissante des produits bio g\u00e9n\u00e9rant des revenus importants. Avec l\u2019aide de quelques membres des \u00ab\u00a0Incroyables comestibles\u00a0\u00bb (1), le travail commence par l\u2019initiation au jardin potager au profit des habitants du village et des<img decoding=\"async\" class=\"alignright\" src=\"http:\/\/scd.observers.france24.com\/files\/imagecache\/observers_full_width\/rfi_multimedia_element_image\/jardin_3.png\" alt=\"\" \/><span id=\"transmark\"><\/span> \u00e9l\u00e8ves d\u2019une \u00e9cole de la r\u00e9gion. Cette op\u00e9ration a permis d\u2019introduire les premi\u00e8res notions du d\u00e9veloppement durable au sein de la communaut\u00e9 de Brachoua. De 2013 \u00e0 2015, le nombre des jardins est pass\u00e9 de 1 \u00e0 40.<\/p>\n<p>La deuxi\u00e8me \u00e9tape de d\u00e9veloppement \u00e9conomique du village a concern\u00e9 la valorisation des produits du terroir. Le poulet et les \u0153ufs, le pain traditionnel, le couscous et la gastronomie locale ont \u00e9t\u00e9 tr\u00e8s appr\u00e9ci\u00e9s lors de la premi\u00e8re r\u00e9ception au cours de laquelle ont \u00e9t\u00e9 convi\u00e9s des membres de l\u2019AIA. De l\u00e0 est n\u00e9e l\u2019id\u00e9e, dans un premier temps, de vendre directement ces produits aux clients de la ville au lieu du souk, en proposant des paniers de produits du terroir une fois par semaine. Ainsi, le poulet qui se vendait au souk \u00e0 60 <img loading=\"lazy\" decoding=\"async\" class=\"size-medium wp-image-83577 alignright\" src=\"http:\/\/www.toutvert.fr\/wp-content\/uploads\/2016\/09\/Brachoua-1-465x310.jpg\" sizes=\"auto, (max-width: 465px) 100vw, 465px\" srcset=\"http:\/\/www.toutvert.fr\/wp-content\/uploads\/2016\/09\/Brachoua-1-465x310.jpg 465w, http:\/\/www.toutvert.fr\/wp-content\/uploads\/2016\/09\/Brachoua-1.jpg 500w\" alt=\"Brachoua, la fin de la mis\u00e8re par la permaculture\" width=\"465\" height=\"310\" \/>dirhams (environ 5,5 euros) et l\u2019\u0153uf \u00e0 1,2\u00a0dirham (environ 0,12 centime d\u2019euros) ont \u00e9t\u00e9 \u00e9coul\u00e9s respectivement \u00e0 80 dirhams (environ 7,5 euros) et 1,5 dirham (0,15 centime d\u2019euros) gr\u00e2ce \u00e0 la vente directe au client final.<\/p>\n<p>Par la suite, les femmes du village ont \u00e9t\u00e9 accompagn\u00e9es par l\u2019AIA pour la cr\u00e9ation d\u2019une coop\u00e9rative d\u00e9di\u00e9e \u00e0 la fabrication du couscous. Sous la houlette de la nouvelle structure et en v\u00e9ritables RP du village, elles vont participer \u00e0 de nombreux \u00e9v\u00e9nements de la capitale pour faire conna\u00eetre les produits de Brachoua et les atouts de leur r\u00e9gion.<\/p>\n<p>Au fil des rencontres, expositions et visites au village des membres de l\u2019association accompagn\u00e9s de leurs familles, une nouvelle activit\u00e9 \u00e9conomique allait na\u00eetre. En effet, la beaut\u00e9 du village, entour\u00e9 d\u2019une for\u00eat et de ruisseaux, a donn\u00e9 l\u2019id\u00e9e d\u2019\u00e9tablir un circuit touristique pour les randonn\u00e9es et le trekking. La rencontre avec l\u2019habitant, la consommation de produits locaux et le tourisme rural seront ainsi les cartes ma\u00eetresses. Aujourd\u2019hui, le village re\u00e7oit jusqu\u2019\u00e0 250 personnes par week-end, entre randonneurs et sorties \u00e9ducatives pour les \u00e9coliers. Ce qui permet \u00e0 une famille de gagner jusqu\u2019\u00e0 600 dirhams (environ 60 euros) en une journ\u00e9e.<\/p>\n<p>L\u2019exp\u00e9rience du village de Brachoua est int\u00e9ressante \u00e0 plus d\u2019un titre. D\u2019abord, elle a \u00e9t\u00e9 imagin\u00e9e, con\u00e7ue et r\u00e9alis\u00e9e par la seule initiative des villageois, pouss\u00e9s par leur volont\u00e9 de changer leur situation pr\u00e9caire et d\u2019am\u00e9liorer leurs conditions de vie. Cet \u00e9tat d\u2019esprit est incontestablement la cl\u00e9 de la r\u00e9ussite du projet. L\u2019int\u00e9r\u00eat de l\u2019exp\u00e9rience tient aussi au fait qu\u2019elle s\u2019est r\u00e9alis\u00e9e en tenant compte du potentiel existant du village, sans apport financier ext\u00e9rieur. A part 3.000 dirhams (environ 250 euros) n\u00e9cessaires au d\u00e9marrage pour acheter le mat\u00e9riel de jardinage et les plants, aucun autre financement ext\u00e9rieur n\u2019a \u00e9t\u00e9 apport\u00e9. Aujourd\u2019hui, le village dispose de l\u2019\u00e9lectricit\u00e9, de trois fontaines d\u2019eau et est devenu une destination de tourisme rural connue dans la r\u00e9gion. Les 60 familles sont autonomes, peuvent compter sur leurs propres ressources, et sont conscientes de l\u2019importance de pr\u00e9server leur environnement, importante source de revenu.<\/p>\n<p><small> (1)\u00a0Il s\u2019agit d\u2019une d\u00e9marche participative citoyenne et solidaire mondiale qui vise l\u2019autosuffisance alimentaire des territoires et la nourriture saine et partag\u00e9e. <\/small><\/p>\n<\/div>\n<p>&nbsp;<\/p>\n","protected":false},"excerpt":{"rendered":"<p>L&rsquo;\u00e9thique de la permaculture La permaculture s&rsquo;appuie sur un ensemble de valeurs fondamentales qui gouvernent sa r\u00e9flexion et son action : Prendre soin de la Nature (les sols, les for\u00eats, l\u2019eau et l&rsquo;air) Prendre soin de l\u2019Humain (soi-m\u00eame, la communaut\u00e9 et les g\u00e9n\u00e9rations futures) Cr\u00e9er l\u2019abondance et redistribuer les surplus. Brachoua: comment des villageois sortent &hellip; <a href=\"http:\/\/www.inspir.be\/?page_id=1772\" class=\"more-link\">Continuer la lecture de <span class=\"screen-reader-text\">PERMACULTURE<\/span>  <span class=\"meta-nav\">&rarr;<\/span><\/a><\/p>\n","protected":false},"author":1,"featured_media":0,"parent":0,"menu_order":100,"comment_status":"closed","ping_status":"closed","template":"","meta":{"footnotes":""},"class_list":["post-1772","page","type-page","status-publish","hentry"],"_links":{"self":[{"href":"http:\/\/www.inspir.be\/index.php?rest_route=\/wp\/v2\/pages\/1772","targetHints":{"allow":["GET"]}}],"collection":[{"href":"http:\/\/www.inspir.be\/index.php?rest_route=\/wp\/v2\/pages"}],"about":[{"href":"http:\/\/www.inspir.be\/index.php?rest_route=\/wp\/v2\/types\/page"}],"author":[{"embeddable":true,"href":"http:\/\/www.inspir.be\/index.php?rest_route=\/wp\/v2\/users\/1"}],"replies":[{"embeddable":true,"href":"http:\/\/www.inspir.be\/index.php?rest_route=%2Fwp%2Fv2%2Fcomments&post=1772"}],"version-history":[{"count":22,"href":"http:\/\/www.inspir.be\/index.php?rest_route=\/wp\/v2\/pages\/1772\/revisions"}],"predecessor-version":[{"id":2092,"href":"http:\/\/www.inspir.be\/index.php?rest_route=\/wp\/v2\/pages\/1772\/revisions\/2092"}],"wp:attachment":[{"href":"http:\/\/www.inspir.be\/index.php?rest_route=%2Fwp%2Fv2%2Fmedia&parent=1772"}],"curies":[{"name":"wp","href":"https:\/\/api.w.org\/{rel}","templated":true}]}}