{"id":1531,"date":"2013-01-24T22:10:40","date_gmt":"2013-01-24T21:10:40","guid":{"rendered":"http:\/\/www.inspir.be\/?page_id=1531"},"modified":"2014-04-09T16:29:40","modified_gmt":"2014-04-09T14:29:40","slug":"le-fond-du-puits","status":"publish","type":"page","link":"http:\/\/www.inspir.be\/?page_id=1531","title":{"rendered":"le fond du puits"},"content":{"rendered":"<p><span style=\"font-family: book antiqua,palatino; font-size: 22px;\"><strong>Sortir\u2026<\/strong><a href=\"http:\/\/www.inspir.be\/?attachment_id=1532\" rel=\"attachment wp-att-1532\"><img loading=\"lazy\" decoding=\"async\" class=\"alignright size-medium wp-image-1532\" alt=\"puits ane\" src=\"http:\/\/inspir.be\/WordPress3\/wp-content\/uploads\/2013\/01\/puits-ane-300x300.jpg\" width=\"295\" height=\"295\" srcset=\"http:\/\/inspir.be\/WordPress3\/wp-content\/uploads\/2013\/01\/puits-ane-300x300.jpg 300w, http:\/\/inspir.be\/WordPress3\/wp-content\/uploads\/2013\/01\/puits-ane-150x150.jpg 150w, http:\/\/inspir.be\/WordPress3\/wp-content\/uploads\/2013\/01\/puits-ane.jpg 403w\" sizes=\"auto, (max-width: 295px) 100vw, 295px\" \/><\/a><\/span><\/p>\n<p><span style=\"font-family: book antiqua,palatino; font-size: 16px;\">Un jour, l\u2019\u00e2ne d\u2019un fermier tomba dans le puits.<\/span><br \/>\n<span style=\"font-family: book antiqua,palatino; font-size: 16px;\"> L\u2019animal g\u00e9missait pitoyablement pendant des heures, et le fermier se<\/span><br \/>\n<span style=\"font-family: book antiqua,palatino; font-size: 16px;\"> demandait quoi faire.<\/span><br \/>\n<span style=\"font-family: book antiqua,palatino; font-size: 16px;\"> Finalement, il d\u00e9cida que l\u2019animal \u00e9tait vieux et le puits devait dispara\u00eetre de toute fa\u00e7on. Ce n\u2019\u00e9tait donc pas rentable pour lui de r\u00e9cup\u00e9rer l\u2019\u00e2ne.<\/span><br \/>\n<span style=\"font-family: book antiqua,palatino; font-size: 16px;\"> Il invita tous ses voisins pour venir l\u2019aider.<\/span><br \/>\n<span style=\"font-family: book antiqua,palatino; font-size: 16px;\"> Tous saisirent une pelle et commenc\u00e8rent \u00e0 combler le puits.<\/span><br \/>\n<span style=\"font-family: book antiqua,palatino; font-size: 16px;\"> Quand l\u2019\u00e2ne r\u00e9alisa ce qui se produisait, il se mit \u00e0 hurler de plus bel.<\/span><\/p>\n<p><span style=\"font-family: book antiqua,palatino; font-size: 16px;\">Puis, \u00e0 la stup\u00e9faction g\u00e9n\u00e9rale, il se tu.<\/span><br \/>\n<span style=\"font-family: book antiqua,palatino; font-size: 16px;\"> Quelques pellet\u00e9es plus tard, le fermier finalement regarda dans le fond<\/span><br \/>\n<span style=\"font-family: book antiqua,palatino; font-size: 16px;\"> du puits, le c\u0153ur un peut serr\u00e9\u2026<\/span><br \/>\n<span style=\"font-family: book antiqua,palatino; font-size: 16px;\"> Ce qu\u2019il vit l\u2019\u00e9tonna au plus haut point et le bouleversa.<\/span><br \/>\n<span style=\"font-family: book antiqua,palatino; font-size: 16px;\"> A chaque pellet\u00e9 de terre qui tombait sur lui, l\u2019\u00e2ne faisait quelque chose de stup\u00e9fiant.<\/span><br \/>\n<span style=\"font-family: book antiqua,palatino; font-size: 16px;\"> Il se secouait pour enlever la terre de son dos et montait dessus.<\/span><br \/>\n<span style=\"font-family: book antiqua,palatino; font-size: 16px;\"> Les voisins du fermier ne se doutant de rien continuaient \u00e0 pelleter sur l\u2019animal, qui se secouait et montait sur la terre, se secouait encore et encore\u2026<\/span><br \/>\n<span style=\"font-family: book antiqua,palatino; font-size: 16px;\"> Bient\u00f4t, tous furent abasourdis de voir l\u2019\u00e2ne sortir du puits et se mettre \u00e0 trotter!<\/span><br \/>\n<span style=\"font-family: book antiqua,palatino; font-size: 16px;\"> <a href=\"http:\/\/www.inspir.be\/?attachment_id=1533\" rel=\"attachment wp-att-1533\"><img loading=\"lazy\" decoding=\"async\" class=\"alignright size-medium wp-image-1533\" alt=\"puits\" src=\"http:\/\/inspir.be\/WordPress3\/wp-content\/uploads\/2013\/01\/puits-300x225.jpg\" width=\"300\" height=\"225\" srcset=\"http:\/\/inspir.be\/WordPress3\/wp-content\/uploads\/2013\/01\/puits-300x225.jpg 300w, http:\/\/inspir.be\/WordPress3\/wp-content\/uploads\/2013\/01\/puits.jpg 900w\" sizes=\"auto, (max-width: 300px) 100vw, 300px\" \/><\/a><\/span><br \/>\n<span style=\"font-family: book antiqua,palatino; font-size: 16px;\"> La vie va essayer de vous engloutir sous toutes sortes de difficult\u00e9s.<\/span><br \/>\n<span style=\"font-family: book antiqua,palatino; font-size: 16px;\"> Le truc pour se sortir du trou est de se secouer.<\/span><br \/>\n<span style=\"font-family: book antiqua,palatino; font-size: 16px;\"> Nous pouvons sortir des puits les plus profonds en n\u2019arr\u00eatant jamais\u2026<\/span><br \/>\n<span style=\"font-family: book antiqua,palatino; font-size: 16px;\"> Ne jamais abandonner!<\/span><br \/>\n<span style=\"font-family: book antiqua,palatino; font-size: 16px;\"> Ne jamais perdre espoir!<\/span><\/p>\n","protected":false},"excerpt":{"rendered":"<p>Sortir\u2026 Un jour, l\u2019\u00e2ne d\u2019un fermier tomba dans le puits. L\u2019animal g\u00e9missait pitoyablement pendant des heures, et le fermier se demandait quoi faire. Finalement, il d\u00e9cida que l\u2019animal \u00e9tait vieux et le puits devait dispara\u00eetre de toute fa\u00e7on. Ce n\u2019\u00e9tait donc pas rentable pour lui de r\u00e9cup\u00e9rer l\u2019\u00e2ne. Il invita tous ses voisins pour venir &hellip; <a href=\"http:\/\/www.inspir.be\/?page_id=1531\" class=\"more-link\">Continuer la lecture de <span class=\"screen-reader-text\">le fond du puits<\/span>  <span class=\"meta-nav\">&rarr;<\/span><\/a><\/p>\n","protected":false},"author":1,"featured_media":0,"parent":2,"menu_order":50,"comment_status":"closed","ping_status":"closed","template":"","meta":{"footnotes":""},"class_list":["post-1531","page","type-page","status-publish","hentry"],"_links":{"self":[{"href":"http:\/\/www.inspir.be\/index.php?rest_route=\/wp\/v2\/pages\/1531","targetHints":{"allow":["GET"]}}],"collection":[{"href":"http:\/\/www.inspir.be\/index.php?rest_route=\/wp\/v2\/pages"}],"about":[{"href":"http:\/\/www.inspir.be\/index.php?rest_route=\/wp\/v2\/types\/page"}],"author":[{"embeddable":true,"href":"http:\/\/www.inspir.be\/index.php?rest_route=\/wp\/v2\/users\/1"}],"replies":[{"embeddable":true,"href":"http:\/\/www.inspir.be\/index.php?rest_route=%2Fwp%2Fv2%2Fcomments&post=1531"}],"version-history":[{"count":4,"href":"http:\/\/www.inspir.be\/index.php?rest_route=\/wp\/v2\/pages\/1531\/revisions"}],"predecessor-version":[{"id":2333,"href":"http:\/\/www.inspir.be\/index.php?rest_route=\/wp\/v2\/pages\/1531\/revisions\/2333"}],"up":[{"embeddable":true,"href":"http:\/\/www.inspir.be\/index.php?rest_route=\/wp\/v2\/pages\/2"}],"wp:attachment":[{"href":"http:\/\/www.inspir.be\/index.php?rest_route=%2Fwp%2Fv2%2Fmedia&parent=1531"}],"curies":[{"name":"wp","href":"https:\/\/api.w.org\/{rel}","templated":true}]}}