{"id":1323,"date":"2012-07-15T19:24:40","date_gmt":"2012-07-15T17:24:40","guid":{"rendered":"http:\/\/www.inspir.be\/?page_id=1323"},"modified":"2014-04-09T16:29:11","modified_gmt":"2014-04-09T14:29:11","slug":"jaurais-aime","status":"publish","type":"page","link":"http:\/\/www.inspir.be\/?page_id=1323","title":{"rendered":"J&rsquo;aurais aim\u00e9 &#8230;"},"content":{"rendered":"<dl id=\"attachment_1308\">\n<dd><a href=\"http:\/\/inspir.be\/WordPress3\/wp-content\/uploads\/2012\/07\/press_bronnie_ware.jpg\"><img loading=\"lazy\" decoding=\"async\" class=\"wp-image-1308 alignright\" title=\"bronnie_ware\" src=\"http:\/\/inspir.be\/WordPress3\/wp-content\/uploads\/2012\/07\/press_bronnie_ware-300x199.jpg\" alt=\"\" width=\"326\" height=\"219\" \/><\/a><\/dd>\n<\/dl>\n<p><span style=\"font-family: book antiqua,palatino; font-size: 18px;\"><strong>Bronnie Ware<\/strong>, infirmi\u00e8re australienne, sp\u00e9cialis\u00e9e dans un service de<\/span><span style=\"font-family: book antiqua,palatino; font-size: 18px;\">soins palliatifs, a accompagn\u00e9 les personnes mourantes dans leurs derniers jours. Dans un livre paru fin 2011, elle a r\u00e9v\u00e9l\u00e9 quels \u00e9taient les regrets les plus courants que nous avons \u00e0 la fin de notre vie.<\/span><br \/>\n<span style=\"font-family: book antiqua,palatino; font-size: 18px;\">Et ce ne sont pas forc\u00e9ment ceux que l\u2019on croit\u2026 (lu sur Yahoo)<\/span><\/p>\n<p align=\"center\"><span style=\"font-family: book antiqua,palatino; font-size: 18px;\"><br \/>\n<\/span><\/p>\n<p><span style=\"color: #660099;\">\u00a0<\/span><\/p>\n<p><span style=\"text-decoration: underline;\"><span style=\"font-family: book antiqua,palatino; font-size: 18px; color: #660099;\"><em> <strong>1 &#8211; J\u2019aurais aim\u00e9 avoir le courage de vivre ma vie comme je le voulais, et non pas comme les autres l&rsquo;entendaient<\/strong><\/em><\/span><\/span><\/p>\n<p><span style=\"font-family: book antiqua,palatino; font-size: 18px;\">\u00ab\u00a0C\u2019\u00e9tait le regret qu\u2019ils avaient le plus en commun. Quand les gens prennent conscience que leur vie est presque termin\u00e9e et regardent derri\u00e8re eux, il leur est plus facile de voir combien de r\u00eaves n\u2019ont pas \u00e9t\u00e9 r\u00e9alis\u00e9s. La plupart des gens n\u2019ont pas r\u00e9alis\u00e9 la moiti\u00e9 de leurs r\u00eaves et vont mourir en sachant que c\u2019est une cons\u00e9quence directe des choix qu\u2019ils ont fait, ou pas. La sant\u00e9 apporte une libert\u00e9 dont tr\u00e8s peu de gens se rendent compte, jusqu\u2019\u00e0 ce qu\u2019ils ne l\u2019aient plus\u00a0\u00bb.<\/span><br \/>\n<span style=\"font-family: book antiqua,palatino; font-size: 18px;\"> <strong><br \/>\n<span style=\"text-decoration: underline;\"><span style=\"color: #660099; text-decoration: underline;\"><em><strong>2 &#8211; J\u2019aurais aim\u00e9 ne pas travailler aussi dur<\/strong><\/em><\/span><\/span><\/strong><\/span><\/p>\n<p><span style=\"font-family: book antiqua,palatino; font-size: 18px;\">\u00ab\u00a0Ce souhait est venu de tous les hommes que j\u2019ai soign\u00e9s. Ils n\u2019ont pas assez vu leurs enfants grandir et n\u2019ont pas pass\u00e9 suffisamment de temps avec leur femme. Les femmes ont \u00e9galement exprim\u00e9 ce regret, mais comme la plupart \u00e9taient issues d\u2019une g\u00e9n\u00e9ration plus \u00e2g\u00e9e, nombreuses d\u2019entre elles n\u2019ont pas \u00e9t\u00e9 \u00ab\u00a0soutien de famille\u00a0\u00bb. Tous les hommes regrettent d\u2019avoir pass\u00e9 autant de temps dans leur vie \u00e0 travailler\u00a0\u00bb.<\/span><\/p>\n<p><span style=\"text-decoration: underline;\"><span style=\"font-family: book antiqua,palatino; font-size: 18px; color: #660099;\"><em> <strong>3 &#8211; J\u2019aurais aim\u00e9 avoir le courage d\u2019exprimer mes sentiments<\/strong><\/em><\/span><\/span><\/p>\n<p><span style=\"font-family: book antiqua,palatino; font-size: 18px;\">\u00ab\u00a0Beaucoup de gens refoulent leurs sentiments afin de maintenir l\u2019entente et la paix avec les autres. En cons\u00e9quence, ils se sont install\u00e9s dans une existence m\u00e9diocre et n\u2019ont jamais pu devenir ce qu\u2019ils auraient aim\u00e9 \u00eatre. Beaucoup de maladies sont d\u00e9velopp\u00e9es ou entretenues par l\u2019amertume qui habite les patients\u00a0\u00bb.<\/span><\/p>\n<p><span style=\"text-decoration: underline;\"><span style=\"font-family: book antiqua,palatino; font-size: 18px; color: #660099; text-decoration: underline;\"><em> <strong>4 &#8211; J\u2019aurais aim\u00e9 rester en contact avec mes amis<\/strong><\/em><\/span><\/span><br \/>\n<span style=\"font-family: book antiqua,palatino; font-size: 18px;\"> <a href=\"http:\/\/inspir.be\/WordPress3\/wp-content\/uploads\/2012\/07\/fin-de-vie.jpg\"><img loading=\"lazy\" decoding=\"async\" class=\"alignright\" title=\"fin de vie\" src=\"http:\/\/inspir.be\/WordPress3\/wp-content\/uploads\/2012\/07\/fin-de-vie.jpg\" alt=\"\" width=\"200\" height=\"200\" \/><\/a><\/span><br \/>\n<span style=\"font-family: book antiqua,palatino; font-size: 18px;\"> \u00ab\u00a0Souvent, ils se rendent compte trop tard qu\u2019ils auraient pu profiter du soutien de leurs vieux amis dans les derni\u00e8res semaines avant leur mort, mais il n\u2019est jamais facile de les retrouver. Les gens sont tellement absorb\u00e9s par leur propre vie qu\u2019ils mettent de c\u00f4t\u00e9 au fil des ann\u00e9es des amiti\u00e9s pr\u00e9cieuses. Beaucoup regrettent de ne pas avoir fait assez d\u2019effort et pass\u00e9 assez de temps pour les pr\u00e9server. Les patients pensent souvent \u00e0 leurs amis lorsqu\u2019ils sont en train de mourir\u00a0\u00bb.<\/span><\/p>\n<p><span style=\"text-decoration: underline;\"><span style=\"font-family: book antiqua,palatino; font-size: 18px; color: #660099;\"><em> <strong>5 &#8211; J\u2019aurais aim\u00e9 chercher \u00e0 \u00eatre plus heureux<\/strong><\/em><\/span><\/span><\/p>\n<p><span style=\"font-family: book antiqua,palatino; font-size: 18px;\">\u00ab\u00a0C\u2019est un regret surprenant qu\u2019ils avaient presque tous en commun. Beaucoup d\u2019entre eux ne s\u2019\u00e9taient pas rendus compte que le bonheur peut-\u00eatre un choix. Ils sont rest\u00e9s coinc\u00e9s dans de vieux sch\u00e9mas et habitudes. Le soi-disant \u00ab\u00a0confort\u00a0\u00bb dans lequel ils \u00e9taient install\u00e9s les a emp\u00each\u00e9s d\u2019envisager les choses autrement, t\u00e9tanis\u00e9s dans leurs vies par la peur du changement\u00a0\u00bb.<\/span><\/p>\n<p><span style=\"font-family: book antiqua,palatino; font-size: 18px;\">\u00a0<\/span><\/p>\n<p><strong><em><span style=\"font-family: book antiqua,palatino; font-size: 18px;\">Nos ain\u00e9es ont creus\u00e9 le sillon, <\/span><span style=\"font-family: book antiqua,palatino; font-size: 18px;\"><a href=\"http:\/\/inspir.be\/WordPress3\/wp-content\/uploads\/2012\/07\/rubon260.jpg\"><img loading=\"lazy\" decoding=\"async\" class=\"alignright\" title=\"rubon260\" src=\"http:\/\/inspir.be\/WordPress3\/wp-content\/uploads\/2012\/07\/rubon260.jpg\" alt=\"\" width=\"300\" height=\"224\" \/><\/a><\/span><\/em><\/strong><br \/>\n<strong><em> <span style=\"font-family: book antiqua,palatino; font-size: 18px;\"> us\u00e9 leur peine pour nous ouvrir le chemin, <\/span><\/em><\/strong><br \/>\n<strong><em> <span style=\"font-family: book antiqua,palatino; font-size: 18px;\"> \u00e9clair\u00e9 la fin de leur vie pour nous donner l&rsquo;ultime message !<\/span><\/em><\/strong><\/p>\n<p><strong><em><span style=\"font-family: book antiqua,palatino; font-size: 18px;\">Pourquoi attendre le soir de notre vie pour nous mettre en route ?<\/span><\/em><\/strong><\/p>\n","protected":false},"excerpt":{"rendered":"<p>Bronnie Ware, infirmi\u00e8re australienne, sp\u00e9cialis\u00e9e dans un service desoins palliatifs, a accompagn\u00e9 les personnes mourantes dans leurs derniers jours. Dans un livre paru fin 2011, elle a r\u00e9v\u00e9l\u00e9 quels \u00e9taient les regrets les plus courants que nous avons \u00e0 la fin de notre vie. Et ce ne sont pas forc\u00e9ment ceux que l\u2019on croit\u2026 (lu &hellip; <a href=\"http:\/\/www.inspir.be\/?page_id=1323\" class=\"more-link\">Continuer la lecture de <span class=\"screen-reader-text\">J&rsquo;aurais aim\u00e9 &#8230;<\/span>  <span class=\"meta-nav\">&rarr;<\/span><\/a><\/p>\n","protected":false},"author":1,"featured_media":1309,"parent":2,"menu_order":6,"comment_status":"closed","ping_status":"closed","template":"","meta":{"footnotes":""},"class_list":["post-1323","page","type-page","status-publish","has-post-thumbnail","hentry"],"_links":{"self":[{"href":"http:\/\/www.inspir.be\/index.php?rest_route=\/wp\/v2\/pages\/1323","targetHints":{"allow":["GET"]}}],"collection":[{"href":"http:\/\/www.inspir.be\/index.php?rest_route=\/wp\/v2\/pages"}],"about":[{"href":"http:\/\/www.inspir.be\/index.php?rest_route=\/wp\/v2\/types\/page"}],"author":[{"embeddable":true,"href":"http:\/\/www.inspir.be\/index.php?rest_route=\/wp\/v2\/users\/1"}],"replies":[{"embeddable":true,"href":"http:\/\/www.inspir.be\/index.php?rest_route=%2Fwp%2Fv2%2Fcomments&post=1323"}],"version-history":[{"count":6,"href":"http:\/\/www.inspir.be\/index.php?rest_route=\/wp\/v2\/pages\/1323\/revisions"}],"predecessor-version":[{"id":1329,"href":"http:\/\/www.inspir.be\/index.php?rest_route=\/wp\/v2\/pages\/1323\/revisions\/1329"}],"up":[{"embeddable":true,"href":"http:\/\/www.inspir.be\/index.php?rest_route=\/wp\/v2\/pages\/2"}],"wp:featuredmedia":[{"embeddable":true,"href":"http:\/\/www.inspir.be\/index.php?rest_route=\/wp\/v2\/media\/1309"}],"wp:attachment":[{"href":"http:\/\/www.inspir.be\/index.php?rest_route=%2Fwp%2Fv2%2Fmedia&parent=1323"}],"curies":[{"name":"wp","href":"https:\/\/api.w.org\/{rel}","templated":true}]}}