{"id":1050,"date":"2012-05-11T10:24:07","date_gmt":"2012-05-11T08:24:07","guid":{"rendered":"http:\/\/www.inspir.be\/?page_id=1050"},"modified":"2016-09-25T13:45:42","modified_gmt":"2016-09-25T11:45:42","slug":"ubuntu-je-suis-parce-que-nous-sommes","status":"publish","type":"page","link":"http:\/\/www.inspir.be\/?page_id=1050","title":{"rendered":"Ubuntu \u00ab\u00a0Je suis parce que nous sommes&#8230;.\u00a0\u00bb"},"content":{"rendered":"<p><a href=\"http:\/\/inspir.be\/WordPress3\/wp-content\/uploads\/2012\/05\/Ubuntu.jpg\"><img loading=\"lazy\" decoding=\"async\" class=\"alignright wp-image-1051\" title=\"Ubuntu\" src=\"http:\/\/inspir.be\/WordPress3\/wp-content\/uploads\/2012\/05\/Ubuntu-300x225.jpg\" alt=\"www.inspir.be\" width=\"375\" height=\"282\" srcset=\"http:\/\/inspir.be\/WordPress3\/wp-content\/uploads\/2012\/05\/Ubuntu-300x225.jpg 300w, http:\/\/inspir.be\/WordPress3\/wp-content\/uploads\/2012\/05\/Ubuntu-600x450.jpg 600w, http:\/\/inspir.be\/WordPress3\/wp-content\/uploads\/2012\/05\/Ubuntu.jpg 640w\" sizes=\"auto, (max-width: 375px) 100vw, 375px\" \/><\/a><\/p>\n<p>&nbsp;<\/p>\n<p>&nbsp;<\/p>\n<p>Un jour, un anthropologue proposa un jeu aux enfants d&rsquo;une tribu africaine.<\/p>\n<p>Il a mis un panier de fruits pr\u00e8s d&rsquo;un arbre et a dit aux enfants :<br \/>\n<em>\u00ab\u00a0le premier arriv\u00e9 gagnera tous les fruits.\u00a0\u00bb<\/em><br \/>\nAu signal, tous les enfants se sont \u00e9lanc\u00e9s en m\u00eame temps &#8230;&#8230;&#8230;&#8230;&#8230;&#8230;&#8230;&#8230;&#8230; en se donnant la main !!<\/p>\n<p>Puis ils se sont assis ensemble pour profiter de leur r\u00e9compense.<br \/>\nLorsque l&rsquo;anthropologue leur a demand\u00e9 pourquoi ils avaient agi ainsi alors que l&rsquo;un d&rsquo;entre eux aurait pu avoir tous les fruits, ils ont r\u00e9pondu :<br \/>\n<em>\u00ab\u00a0<strong>Ubuntu.<\/strong> Comment l&rsquo;un d&rsquo;entre nous peut il \u00eatre heureux si tous les autres sont tristes ?\u00a0\u00bb<\/em><\/p>\n<p><strong>UBUNTU<\/strong> dans la culture Xhosa signifie :<em><strong> \u00ab\u00a0Je suis parce que nous sommes\u00a0\u00bb&#8230;<\/strong><\/em><\/p>\n","protected":false},"excerpt":{"rendered":"<p>&nbsp; &nbsp; Un jour, un anthropologue proposa un jeu aux enfants d&rsquo;une tribu africaine. Il a mis un panier de fruits pr\u00e8s d&rsquo;un arbre et a dit aux enfants : \u00ab\u00a0le premier arriv\u00e9 gagnera tous les fruits.\u00a0\u00bb Au signal, tous les enfants se sont \u00e9lanc\u00e9s en m\u00eame temps &#8230;&#8230;&#8230;&#8230;&#8230;&#8230;&#8230;&#8230;&#8230; en se donnant la main !! &hellip; <a href=\"http:\/\/www.inspir.be\/?page_id=1050\" class=\"more-link\">Continuer la lecture de <span class=\"screen-reader-text\">Ubuntu \u00ab\u00a0Je suis parce que nous sommes&#8230;.\u00a0\u00bb<\/span>  <span class=\"meta-nav\">&rarr;<\/span><\/a><\/p>\n","protected":false},"author":1,"featured_media":0,"parent":2,"menu_order":5,"comment_status":"closed","ping_status":"closed","template":"","meta":{"footnotes":""},"class_list":["post-1050","page","type-page","status-publish","hentry"],"_links":{"self":[{"href":"http:\/\/www.inspir.be\/index.php?rest_route=\/wp\/v2\/pages\/1050","targetHints":{"allow":["GET"]}}],"collection":[{"href":"http:\/\/www.inspir.be\/index.php?rest_route=\/wp\/v2\/pages"}],"about":[{"href":"http:\/\/www.inspir.be\/index.php?rest_route=\/wp\/v2\/types\/page"}],"author":[{"embeddable":true,"href":"http:\/\/www.inspir.be\/index.php?rest_route=\/wp\/v2\/users\/1"}],"replies":[{"embeddable":true,"href":"http:\/\/www.inspir.be\/index.php?rest_route=%2Fwp%2Fv2%2Fcomments&post=1050"}],"version-history":[{"count":6,"href":"http:\/\/www.inspir.be\/index.php?rest_route=\/wp\/v2\/pages\/1050\/revisions"}],"predecessor-version":[{"id":1053,"href":"http:\/\/www.inspir.be\/index.php?rest_route=\/wp\/v2\/pages\/1050\/revisions\/1053"}],"up":[{"embeddable":true,"href":"http:\/\/www.inspir.be\/index.php?rest_route=\/wp\/v2\/pages\/2"}],"wp:attachment":[{"href":"http:\/\/www.inspir.be\/index.php?rest_route=%2Fwp%2Fv2%2Fmedia&parent=1050"}],"curies":[{"name":"wp","href":"https:\/\/api.w.org\/{rel}","templated":true}]}}